{"id":18728,"date":"2026-01-28T20:31:33","date_gmt":"2026-01-28T19:31:33","guid":{"rendered":"https:\/\/dekohra.eu\/?post_type=product&#038;p=18728"},"modified":"2026-01-29T08:36:52","modified_gmt":"2026-01-29T07:36:52","slug":"darek-k-50-narozeninam-s-vlastnim-textem","status":"publish","type":"product","link":"https:\/\/dekohra.eu\/de\/produkt\/darek-k-50-narozeninam-s-vlastnim-textem\/","title":{"rendered":"Geschenk zum 50. Geburtstag mit Ihrem eigenen Text"},"content":{"rendered":"<h2 style=\"text-align: left;\">Geschenk zum 50. Geburtstag mit Ihrem eigenen Text.<\/h2>\n<p>Dieses Geschenk zum 50. Geburtstag wurde speziell f\u00fcr diesen Anlass entworfen. Es ist ein originelles Pr\u00e4sent, das dem Geburtstagskind Freude bereitet und gleichzeitig eine sch\u00f6ne Erinnerung an diesen besonderen Tag schafft. Das Schild kann mit einem individuellen Text personalisiert werden, zum Beispiel mit einem Namen, dem Datum oder einem kurzen Wunsch.<\/p>\n<h3>Produktspezifikationen:<\/h3>\n<ul>\n<li><strong>Material:<\/strong> Qualit\u00e4tsholz (Pappel)<\/li>\n<li><strong>Farbe:<\/strong> Naturholz<\/li>\n<li><strong>Text:<\/strong> Option f\u00fcr individuelle Textgravur<\/li>\n<\/ul>\n<h3>Verwenden:<\/h3>\n<ul>\n<li>Geschenk zum 50. Geburtstag<\/li>\n<li>Dekorationen f\u00fcr Geburtstagspartys<\/li>\n<li>Ein bleibendes Denkmal f\u00fcr ein bedeutendes Jubil\u00e4um<\/li>\n<\/ul>\n<p>Eine Geburtstagskarte aus Holz zum 50. ist eine originelle M\u00f6glichkeit, dem Geburtstagskind alles Gute zu w\u00fcnschen und ihm gleichzeitig ein Geschenk mit pers\u00f6nlicher Bedeutung zu \u00fcberreichen. \ud83c\udf89<\/p>\n<h3>Parameter:<\/h3>\n<ul>\n<li><strong>Material:<\/strong> Pappelsperrholz<\/li>\n<li><strong>Produktdicke:\u00a0<\/strong>3 mm<\/li>\n<li><strong>Hersteller:\u00a0<\/strong><a href=\"http:\/\/dekohra.de\/\" target=\"_blank\" rel=\"noopener\">Dekohra.eu<\/a><\/li>\n<li><strong>Kategorie: <\/strong><a href=\"https:\/\/dekohra.eu\/de\/produkt-kategorie\/darky\/narozeninove-darky\/\">Geburtstagsgeschenke<\/a><\/li>\n<li><strong style=\"font-size: 16px;\">Produktabmessungen: 10 x 15 cm<\/strong><\/li>\n<li>Verpackung: 1 St\u00fcck<\/li>\n<\/ul>\n<p>&nbsp;<\/p>","protected":false},"excerpt":{"rendered":"<p>D\u00e1rek k 50.narozenin\u00e1m s vlastn\u00edm textem. D\u00e1rek k 50.narozenin\u00e1m je navr\u017een\u00e9 speci\u00e1ln\u011b k oslav\u011b 50. narozenin. Skv\u011ble se hod\u00ed jako [&hellip;]<\/p>","protected":false},"featured_media":18731,"comment_status":"open","ping_status":"closed","template":"","meta":{"site-sidebar-layout":"default","site-content-layout":"","ast-site-content-layout":"default","site-content-style":"default","site-sidebar-style":"default","ast-global-header-display":"","ast-banner-title-visibility":"","ast-main-header-display":"","ast-hfb-above-header-display":"","ast-hfb-below-header-display":"","ast-hfb-mobile-header-display":"","site-post-title":"","ast-breadcrumbs-content":"","ast-featured-img":"","footer-sml-layout":"","theme-transparent-header-meta":"default","adv-header-id-meta":"","stick-header-meta":"","header-above-stick-meta":"","header-main-stick-meta":"","header-below-stick-meta":"","astra-migrate-meta-layouts":"set","ast-page-background-enabled":"default","ast-page-background-meta":{"desktop":{"background-color":"var(--ast-global-color-4)","background-image":"","background-repeat":"repeat","background-position":"center center","background-size":"auto","background-attachment":"scroll","background-type":"","background-media":"","overlay-type":"","overlay-color":"","overlay-opacity":"","overlay-gradient":""},"tablet":{"background-color":"","background-image":"","background-repeat":"repeat","background-position":"center center","background-size":"auto","background-attachment":"scroll","background-type":"","background-media":"","overlay-type":"","overlay-color":"","overlay-opacity":"","overlay-gradient":""},"mobile":{"background-color":"","background-image":"","background-repeat":"repeat","background-position":"center center","background-size":"auto","background-attachment":"scroll","background-type":"","background-media":"","overlay-type":"","overlay-color":"","overlay-opacity":"","overlay-gradient":""}},"ast-content-background-meta":{"desktop":{"background-color":"var(--ast-global-color-5)","background-image":"","background-repeat":"repeat","background-position":"center center","background-size":"auto","background-attachment":"scroll","background-type":"","background-media":"","overlay-type":"","overlay-color":"","overlay-opacity":"","overlay-gradient":""},"tablet":{"background-color":"var(--ast-global-color-5)","background-image":"","background-repeat":"repeat","background-position":"center center","background-size":"auto","background-attachment":"scroll","background-type":"","background-media":"","overlay-type":"","overlay-color":"","overlay-opacity":"","overlay-gradient":""},"mobile":{"background-color":"var(--ast-global-color-5)","background-image":"","background-repeat":"repeat","background-position":"center center","background-size":"auto","background-attachment":"scroll","background-type":"","background-media":"","overlay-type":"","overlay-color":"","overlay-opacity":"","overlay-gradient":""}},"jetpack_post_was_ever_published":false},"product_brand":[],"product_cat":[554,571,573],"product_tag":[],"class_list":{"0":"post-18728","1":"product","2":"type-product","3":"status-publish","4":"has-post-thumbnail","6":"product_cat-narozeninove-darky","7":"product_cat-darky-pro-muze","8":"product_cat-darky-pro-zeny","9":"pa_vlastni-text-bez-vlastniho-textu","10":"pa_vlastni-text-s-vlastnim-textem","11":"desktop-align-left","12":"tablet-align-left","13":"mobile-align-left","15":"first","16":"instock","17":"shipping-taxable","18":"purchasable","19":"product-type-variable"},"jetpack_sharing_enabled":true,"_links":{"self":[{"href":"https:\/\/dekohra.eu\/de\/wp-json\/wp\/v2\/product\/18728","targetHints":{"allow":["GET"]}}],"collection":[{"href":"https:\/\/dekohra.eu\/de\/wp-json\/wp\/v2\/product"}],"about":[{"href":"https:\/\/dekohra.eu\/de\/wp-json\/wp\/v2\/types\/product"}],"replies":[{"embeddable":true,"href":"https:\/\/dekohra.eu\/de\/wp-json\/wp\/v2\/comments?post=18728"}],"wp:featuredmedia":[{"embeddable":true,"href":"https:\/\/dekohra.eu\/de\/wp-json\/wp\/v2\/media\/18731"}],"wp:attachment":[{"href":"https:\/\/dekohra.eu\/de\/wp-json\/wp\/v2\/media?parent=18728"}],"wp:term":[{"taxonomy":"product_brand","embeddable":true,"href":"https:\/\/dekohra.eu\/de\/wp-json\/wp\/v2\/product_brand?post=18728"},{"taxonomy":"product_cat","embeddable":true,"href":"https:\/\/dekohra.eu\/de\/wp-json\/wp\/v2\/product_cat?post=18728"},{"taxonomy":"product_tag","embeddable":true,"href":"https:\/\/dekohra.eu\/de\/wp-json\/wp\/v2\/product_tag?post=18728"}],"curies":[{"name":"wp","href":"https:\/\/api.w.org\/{rel}","templated":true}]}}