{"id":18749,"date":"2026-01-29T08:43:26","date_gmt":"2026-01-29T07:43:26","guid":{"rendered":"https:\/\/dekohra.eu\/?post_type=product&#038;p=18749"},"modified":"2026-03-19T08:59:04","modified_gmt":"2026-03-19T07:59:04","slug":"drevene-prani-k-50-narozeninam-s-vlastnim-textem-originalni-dekorace-na-miru","status":"publish","type":"product","link":"https:\/\/dekohra.eu\/de\/produkt\/drevene-prani-k-50-narozeninam-s-vlastnim-textem-originalni-dekorace-na-miru\/","title":{"rendered":"Geburtstagskarte aus Holz zum 50. mit Ihrem Wunschtext \u2013 Individuelle Dekoration"},"content":{"rendered":"<h3 data-start=\"156\" data-end=\"239\">Geburtstagskarte aus Holz zum 50. mit Ihrem Wunschtext \u2013 Individuelle Dekoration<\/h3>\n<p data-start=\"241\" data-end=\"481\">Der 50. Geburtstag ist ein Meilenstein im Leben, der mehr als nur eine einfache Karte verdient. Diese h\u00f6lzerne Geburtstagskarte ist eine wundersch\u00f6ne Dekoration und ein bleibendes Erinnerungsst\u00fcck, das den Beschenkten daran erinnern wird, wie besonders er ist \u2013 heute und auch in einem halben Jahrhundert.<\/p>\n<p data-start=\"483\" data-end=\"589\">Dank der M\u00f6glichkeit, einen eigenen Text hinzuzuf\u00fcgen, k\u00f6nnen Sie ein pers\u00f6nliches Geschenk gestalten, das unterh\u00e4lt, beeindruckt und viele Jahre lang ausgestellt werden kann.<\/p>\n<hr data-start=\"591\" data-end=\"594\" \/>\n<h3 data-start=\"596\" data-end=\"619\">F\u00fcr wen ist es geeignet?<\/h3>\n<p data-start=\"621\" data-end=\"656\">Diese Gru\u00dfkarte aus Holz eignet sich ideal als:<\/p>\n<ul data-start=\"658\" data-end=\"923\">\n<li data-start=\"658\" data-end=\"705\">\n<p data-start=\"660\" data-end=\"705\"><strong data-start=\"660\" data-end=\"687\">Geschenk zum 50. Geburtstag<\/strong> f\u00fcr M\u00e4nner und Frauen<\/p>\n<\/li>\n<li data-start=\"706\" data-end=\"757\">\n<p data-start=\"708\" data-end=\"757\"><strong data-start=\"708\" data-end=\"722\">F\u00fcr Eltern<\/strong> \u2013 Mama oder Papa an ihrem Jahrestag<\/p>\n<\/li>\n<li data-start=\"758\" data-end=\"811\">\n<p data-start=\"760\" data-end=\"811\"><strong data-start=\"760\" data-end=\"789\">F\u00fcr einen Partner<\/strong> als pers\u00f6nliches Gest\u00e4ndnis<\/p>\n<\/li>\n<li data-start=\"812\" data-end=\"873\">\n<p data-start=\"814\" data-end=\"873\"><strong data-start=\"814\" data-end=\"842\">F\u00fcr einen Freund oder Kollegen<\/strong> mit einem humorvollen oder dankbaren Text<\/p>\n<\/li>\n<li data-start=\"874\" data-end=\"923\">\n<p data-start=\"876\" data-end=\"923\"><strong data-start=\"876\" data-end=\"898\">Jubil\u00e4umsdekoration<\/strong> f\u00fcr Feierlichkeiten und Innenr\u00e4ume<\/p>\n<\/li>\n<\/ul>\n<hr data-start=\"925\" data-end=\"928\" \/>\n<h3 data-start=\"930\" data-end=\"952\">Entwurf und Ausf\u00fchrung<\/h3>\n<p data-start=\"954\" data-end=\"1175\">Die Karte besteht aus hochwertigem Sperrholz und ist mit filigranen Gravuren verziert, die ihr ein elegantes und zeitloses Aussehen verleihen. Der Text ist in das Holz eingelassen. <strong data-start=\"1109\" data-end=\"1128\">tief verbrannt<\/strong>Es ist daher perfekt lesbar und verblasst nie.<\/p>\n<p data-start=\"1177\" data-end=\"1295\">Dank ihrer robusten Konstruktion dient sie nicht nur als Gru\u00dfkarte, sondern auch als <strong data-start=\"1236\" data-end=\"1256\">stilvolle Dekoration<\/strong> auf einem Regal, einer Kommode oder einem Schreibtisch.<\/p>\n<hr data-start=\"1297\" data-end=\"1300\" \/>\n<h3 data-start=\"1302\" data-end=\"1328\">Anpassungsoptionen<\/h3>\n<p data-start=\"1330\" data-end=\"1375\">Jedes St\u00fcck kann ein Unikat ganz nach Ihren W\u00fcnschen sein:<\/p>\n<ul data-start=\"1377\" data-end=\"1580\">\n<li data-start=\"1377\" data-end=\"1431\">\n<p data-start=\"1379\" data-end=\"1431\"><strong data-start=\"1379\" data-end=\"1395\">Benutzerdefinierter Text<\/strong> \u2013 \u00c4nderung des Zitats, Wunsches oder der Nachricht<\/p>\n<\/li>\n<li data-start=\"1432\" data-end=\"1487\">\n<p data-start=\"1434\" data-end=\"1487\"><strong data-start=\"1434\" data-end=\"1449\">Altersanpassung<\/strong> \u2013 nicht nur 50 Jahre, sondern auch andere Jubil\u00e4en<\/p>\n<\/li>\n<li data-start=\"1488\" data-end=\"1542\">\n<p data-start=\"1490\" data-end=\"1542\"><strong data-start=\"1490\" data-end=\"1516\">Namen, Datum, Widmung<\/strong> \u2013 eine pers\u00f6nliche Note am Ende<\/p>\n<\/li>\n<li data-start=\"1543\" data-end=\"1580\">\n<p data-start=\"1545\" data-end=\"1580\"><strong data-start=\"1545\" data-end=\"1568\">Sonstige kleinere Anpassungen<\/strong> nach Vereinbarung<\/p>\n<\/li>\n<\/ul>\n<h3>Parameter:<\/h3>\n<ul>\n<li style=\"list-style-type: none;\">\n<ul>\n<li style=\"list-style-type: none;\">\n<ul>\n<li style=\"list-style-type: none;\">\n<ul>\n<li style=\"list-style-type: none;\">\n<ul>\n<li><strong>Material:<\/strong> Pappelsperrholz<\/li>\n<li><strong>Produktdicke:\u00a0<\/strong>3 mm<\/li>\n<li><strong>Hersteller:\u00a0<\/strong><a href=\"http:\/\/dekohra.de\/\" target=\"_blank\" rel=\"noopener\">Dekohra.eu<\/a><\/li>\n<li><strong>Kategorie:<\/strong> <a href=\"https:\/\/dekohra.eu\/de\/produkt-kategorie\/darky\/narozeninove-darky\/\">Geburtstagsgeschenke und Dekorationen<\/a><\/li>\n<li><strong>Abmessungen: <\/strong>22 x 13,5 x 3 mm<\/li>\n<li><strong>Farbe: <\/strong>Naturholz<\/li>\n<\/ul>\n<\/li>\n<\/ul>\n<\/li>\n<\/ul>\n<\/li>\n<\/ul>\n<\/li>\n<\/ul>","protected":false},"excerpt":{"rendered":"<p>D\u0159ev\u011bn\u00e9 p\u0159\u00e1n\u00ed k 50. narozenin\u00e1m s vlastn\u00edm textem \u2013 Origin\u00e1ln\u00ed dekorace na m\u00edru Pades\u00e1tka je \u017eivotn\u00ed miln\u00edk, kter\u00fd si zaslou\u017e\u00ed [&hellip;]<\/p>","protected":false},"featured_media":19070,"comment_status":"open","ping_status":"closed","template":"","meta":{"site-sidebar-layout":"default","site-content-layout":"","ast-site-content-layout":"default","site-content-style":"default","site-sidebar-style":"default","ast-global-header-display":"","ast-banner-title-visibility":"","ast-main-header-display":"","ast-hfb-above-header-display":"","ast-hfb-below-header-display":"","ast-hfb-mobile-header-display":"","site-post-title":"","ast-breadcrumbs-content":"","ast-featured-img":"","footer-sml-layout":"","theme-transparent-header-meta":"default","adv-header-id-meta":"","stick-header-meta":"","header-above-stick-meta":"","header-main-stick-meta":"","header-below-stick-meta":"","astra-migrate-meta-layouts":"set","ast-page-background-enabled":"default","ast-page-background-meta":{"desktop":{"background-color":"var(--ast-global-color-4)","background-image":"","background-repeat":"repeat","background-position":"center center","background-size":"auto","background-attachment":"scroll","background-type":"","background-media":"","overlay-type":"","overlay-color":"","overlay-opacity":"","overlay-gradient":""},"tablet":{"background-color":"","background-image":"","background-repeat":"repeat","background-position":"center center","background-size":"auto","background-attachment":"scroll","background-type":"","background-media":"","overlay-type":"","overlay-color":"","overlay-opacity":"","overlay-gradient":""},"mobile":{"background-color":"","background-image":"","background-repeat":"repeat","background-position":"center center","background-size":"auto","background-attachment":"scroll","background-type":"","background-media":"","overlay-type":"","overlay-color":"","overlay-opacity":"","overlay-gradient":""}},"ast-content-background-meta":{"desktop":{"background-color":"var(--ast-global-color-5)","background-image":"","background-repeat":"repeat","background-position":"center center","background-size":"auto","background-attachment":"scroll","background-type":"","background-media":"","overlay-type":"","overlay-color":"","overlay-opacity":"","overlay-gradient":""},"tablet":{"background-color":"var(--ast-global-color-5)","background-image":"","background-repeat":"repeat","background-position":"center center","background-size":"auto","background-attachment":"scroll","background-type":"","background-media":"","overlay-type":"","overlay-color":"","overlay-opacity":"","overlay-gradient":""},"mobile":{"background-color":"var(--ast-global-color-5)","background-image":"","background-repeat":"repeat","background-position":"center center","background-size":"auto","background-attachment":"scroll","background-type":"","background-media":"","overlay-type":"","overlay-color":"","overlay-opacity":"","overlay-gradient":""}},"jetpack_post_was_ever_published":false},"product_brand":[],"product_cat":[554,571,573],"product_tag":[],"class_list":{"0":"post-18749","1":"product","2":"type-product","3":"status-publish","4":"has-post-thumbnail","6":"product_cat-narozeninove-darky","7":"product_cat-darky-pro-muze","8":"product_cat-darky-pro-zeny","9":"pa_barva-cerna","10":"pa_barva-antracit","11":"pa_barva-bila","12":"pa_barva-cervena","13":"pa_barva-fialova","14":"pa_barva-modra","15":"pa_barva-oranzova","16":"pa_barva-orech","17":"pa_barva-ruzova","18":"pa_barva-zelena","19":"pa_barva-zluta","20":"desktop-align-left","21":"tablet-align-left","22":"mobile-align-left","24":"first","25":"instock","26":"shipping-taxable","27":"purchasable","28":"product-type-simple"},"jetpack_sharing_enabled":true,"_links":{"self":[{"href":"https:\/\/dekohra.eu\/de\/wp-json\/wp\/v2\/product\/18749","targetHints":{"allow":["GET"]}}],"collection":[{"href":"https:\/\/dekohra.eu\/de\/wp-json\/wp\/v2\/product"}],"about":[{"href":"https:\/\/dekohra.eu\/de\/wp-json\/wp\/v2\/types\/product"}],"replies":[{"embeddable":true,"href":"https:\/\/dekohra.eu\/de\/wp-json\/wp\/v2\/comments?post=18749"}],"wp:featuredmedia":[{"embeddable":true,"href":"https:\/\/dekohra.eu\/de\/wp-json\/wp\/v2\/media\/19070"}],"wp:attachment":[{"href":"https:\/\/dekohra.eu\/de\/wp-json\/wp\/v2\/media?parent=18749"}],"wp:term":[{"taxonomy":"product_brand","embeddable":true,"href":"https:\/\/dekohra.eu\/de\/wp-json\/wp\/v2\/product_brand?post=18749"},{"taxonomy":"product_cat","embeddable":true,"href":"https:\/\/dekohra.eu\/de\/wp-json\/wp\/v2\/product_cat?post=18749"},{"taxonomy":"product_tag","embeddable":true,"href":"https:\/\/dekohra.eu\/de\/wp-json\/wp\/v2\/product_tag?post=18749"}],"curies":[{"name":"wp","href":"https:\/\/api.w.org\/{rel}","templated":true}]}}