{"id":18751,"date":"2026-01-29T08:49:46","date_gmt":"2026-01-29T07:49:46","guid":{"rendered":"https:\/\/dekohra.eu\/?post_type=product&#038;p=18751"},"modified":"2026-03-19T08:59:54","modified_gmt":"2026-03-19T07:59:54","slug":"drevena-narozeninova-cedulka-k-50-narozeninam-s-vlastnim-textem","status":"publish","type":"product","link":"https:\/\/dekohra.eu\/de\/produkt\/drevena-narozeninova-cedulka-k-50-narozeninam-s-vlastnim-textem\/","title":{"rendered":"Geburtstagsschild aus Holz zum 50. Geburtstag mit Ihrem eigenen Text"},"content":{"rendered":"<h3 data-start=\"76\" data-end=\"144\">Geburtstagsschild aus Holz zum 50. Geburtstag mit Ihrem eigenen Text<\/h3>\n<h3 data-start=\"76\" data-end=\"144\"><\/h3>\n<p data-start=\"146\" data-end=\"407\">Ein h\u00f6lzernes Geburtstagsschild zum 50. Geburtstag mit Ihrem Wunschtext \u2013 ein Geschenk, das Freude bereitet und eine sch\u00f6ne Erinnerung bleibt. Mit der M\u00f6glichkeit, Ihren eigenen Text zu gestalten, k\u00f6nnen Sie einen einzigartigen Wunsch ganz nach Ihren Vorstellungen \u00fcbermitteln. Das elegante Design und das nat\u00fcrliche Holz verleihen dem Geschenk einen zeitlosen Charme.<\/p>\n<p data-start=\"409\" data-end=\"434\"><strong data-start=\"409\" data-end=\"432\">F\u00fcr wen ist es geeignet?<\/strong><\/p>\n<ul data-start=\"435\" data-end=\"554\">\n<li data-start=\"435\" data-end=\"478\">\n<p data-start=\"437\" data-end=\"478\">Geschenk zum 50. Geburtstag f\u00fcr M\u00e4nner und Frauen<\/p>\n<\/li>\n<li data-start=\"479\" data-end=\"515\">\n<p data-start=\"481\" data-end=\"515\">Ein pers\u00f6nliches Geschenk von Familie oder Freunden<\/p>\n<\/li>\n<li data-start=\"516\" data-end=\"554\">\n<p data-start=\"518\" data-end=\"554\">Dekorationen f\u00fcr Feierlichkeiten und f\u00fcr Zuhause<\/p>\n<\/li>\n<\/ul>\n<p data-start=\"556\" data-end=\"576\"><strong data-start=\"556\" data-end=\"574\">Bearbeitungsoptionen:<\/strong><\/p>\n<ul data-start=\"577\" data-end=\"646\">\n<li data-start=\"577\" data-end=\"594\">\n<p data-start=\"579\" data-end=\"594\">Jubil\u00e4umsnummer<\/p>\n<\/li>\n<li data-start=\"595\" data-end=\"617\">\n<p data-start=\"597\" data-end=\"617\">Benutzerdefinierter Begr\u00fc\u00dfungstext<\/p>\n<\/li>\n<li data-start=\"618\" data-end=\"646\">\n<p data-start=\"620\" data-end=\"646\">Namen, Unterschrift oder Datum<\/p>\n<\/li>\n<\/ul>\n<p data-start=\"648\" data-end=\"770\"><strong data-start=\"648\" data-end=\"662\">Design:<\/strong><br data-start=\"662\" data-end=\"665\" \/>Der Text ist tief in das Holz eingebrannt und wird niemals verblassen. Metallf\u00fc\u00dfe sorgen f\u00fcr einen stabilen Stand.<\/p>\n<p data-start=\"772\" data-end=\"788\"><strong data-start=\"772\" data-end=\"786\">Parameter:<\/strong><\/p>\n<ul data-start=\"789\" data-end=\"902\">\n<li data-start=\"789\" data-end=\"821\">\n<p data-start=\"791\" data-end=\"821\">Material: Pappel-Sperrholz<\/p>\n<\/li>\n<li data-start=\"822\" data-end=\"840\">\n<p data-start=\"824\" data-end=\"840\">Dicke: 3 mm<\/p>\n<\/li>\n<li data-start=\"841\" data-end=\"866\">\n<p data-start=\"843\" data-end=\"866\">Farbe: Naturholz<\/p>\n<\/li>\n<li data-start=\"867\" data-end=\"902\">\n<p data-start=\"869\" data-end=\"902\">Abmessungen: ca. 22 \u00d7 13,5 \u00d7 9,5 cm<\/p>\n<\/li>\n<\/ul>","protected":false},"excerpt":{"rendered":"<p>D\u0159ev\u011bn\u00e1 narozeninov\u00e1 cedulka k 50. narozenin\u00e1m s vlastn\u00edm textem D\u0159ev\u011bn\u00e1 narozeninov\u00e1 cedulka k 50. narozenin\u00e1m s vlastn\u00edm textem, kter\u00e1 pot\u011b\u0161\u00ed [&hellip;]<\/p>","protected":false},"featured_media":19069,"comment_status":"open","ping_status":"closed","template":"","meta":{"site-sidebar-layout":"default","site-content-layout":"","ast-site-content-layout":"default","site-content-style":"default","site-sidebar-style":"default","ast-global-header-display":"","ast-banner-title-visibility":"","ast-main-header-display":"","ast-hfb-above-header-display":"","ast-hfb-below-header-display":"","ast-hfb-mobile-header-display":"","site-post-title":"","ast-breadcrumbs-content":"","ast-featured-img":"","footer-sml-layout":"","theme-transparent-header-meta":"default","adv-header-id-meta":"","stick-header-meta":"","header-above-stick-meta":"","header-main-stick-meta":"","header-below-stick-meta":"","astra-migrate-meta-layouts":"set","ast-page-background-enabled":"default","ast-page-background-meta":{"desktop":{"background-color":"var(--ast-global-color-4)","background-image":"","background-repeat":"repeat","background-position":"center center","background-size":"auto","background-attachment":"scroll","background-type":"","background-media":"","overlay-type":"","overlay-color":"","overlay-opacity":"","overlay-gradient":""},"tablet":{"background-color":"","background-image":"","background-repeat":"repeat","background-position":"center center","background-size":"auto","background-attachment":"scroll","background-type":"","background-media":"","overlay-type":"","overlay-color":"","overlay-opacity":"","overlay-gradient":""},"mobile":{"background-color":"","background-image":"","background-repeat":"repeat","background-position":"center center","background-size":"auto","background-attachment":"scroll","background-type":"","background-media":"","overlay-type":"","overlay-color":"","overlay-opacity":"","overlay-gradient":""}},"ast-content-background-meta":{"desktop":{"background-color":"var(--ast-global-color-5)","background-image":"","background-repeat":"repeat","background-position":"center center","background-size":"auto","background-attachment":"scroll","background-type":"","background-media":"","overlay-type":"","overlay-color":"","overlay-opacity":"","overlay-gradient":""},"tablet":{"background-color":"var(--ast-global-color-5)","background-image":"","background-repeat":"repeat","background-position":"center center","background-size":"auto","background-attachment":"scroll","background-type":"","background-media":"","overlay-type":"","overlay-color":"","overlay-opacity":"","overlay-gradient":""},"mobile":{"background-color":"var(--ast-global-color-5)","background-image":"","background-repeat":"repeat","background-position":"center center","background-size":"auto","background-attachment":"scroll","background-type":"","background-media":"","overlay-type":"","overlay-color":"","overlay-opacity":"","overlay-gradient":""}},"jetpack_post_was_ever_published":false},"product_brand":[],"product_cat":[554,571,573],"product_tag":[],"class_list":{"0":"post-18751","1":"product","2":"type-product","3":"status-publish","4":"has-post-thumbnail","6":"product_cat-narozeninove-darky","7":"product_cat-darky-pro-muze","8":"product_cat-darky-pro-zeny","9":"pa_barva-cerna","10":"pa_barva-antracit","11":"pa_barva-bila","12":"pa_barva-cervena","13":"pa_barva-fialova","14":"pa_barva-modra","15":"pa_barva-oranzova","16":"pa_barva-orech","17":"pa_barva-ruzova","18":"pa_barva-zelena","19":"pa_barva-zluta","20":"desktop-align-left","21":"tablet-align-left","22":"mobile-align-left","24":"first","25":"instock","26":"shipping-taxable","27":"purchasable","28":"product-type-simple"},"jetpack_sharing_enabled":true,"_links":{"self":[{"href":"https:\/\/dekohra.eu\/de\/wp-json\/wp\/v2\/product\/18751","targetHints":{"allow":["GET"]}}],"collection":[{"href":"https:\/\/dekohra.eu\/de\/wp-json\/wp\/v2\/product"}],"about":[{"href":"https:\/\/dekohra.eu\/de\/wp-json\/wp\/v2\/types\/product"}],"replies":[{"embeddable":true,"href":"https:\/\/dekohra.eu\/de\/wp-json\/wp\/v2\/comments?post=18751"}],"wp:featuredmedia":[{"embeddable":true,"href":"https:\/\/dekohra.eu\/de\/wp-json\/wp\/v2\/media\/19069"}],"wp:attachment":[{"href":"https:\/\/dekohra.eu\/de\/wp-json\/wp\/v2\/media?parent=18751"}],"wp:term":[{"taxonomy":"product_brand","embeddable":true,"href":"https:\/\/dekohra.eu\/de\/wp-json\/wp\/v2\/product_brand?post=18751"},{"taxonomy":"product_cat","embeddable":true,"href":"https:\/\/dekohra.eu\/de\/wp-json\/wp\/v2\/product_cat?post=18751"},{"taxonomy":"product_tag","embeddable":true,"href":"https:\/\/dekohra.eu\/de\/wp-json\/wp\/v2\/product_tag?post=18751"}],"curies":[{"name":"wp","href":"https:\/\/api.w.org\/{rel}","templated":true}]}}