{"id":18753,"date":"2026-01-29T08:56:59","date_gmt":"2026-01-29T07:56:59","guid":{"rendered":"https:\/\/dekohra.eu\/?post_type=product&#038;p=18753"},"modified":"2026-03-19T08:49:00","modified_gmt":"2026-03-19T07:49:00","slug":"drevena-medaile-k-50-narozeninam-s-vlastnim-textem","status":"publish","type":"product","link":"https:\/\/dekohra.eu\/de\/produkt\/drevena-medaile-k-50-narozeninam-s-vlastnim-textem\/","title":{"rendered":"Holzmedaille zum 50. Geburtstag mit Ihrem Wunschtext"},"content":{"rendered":"<h3 data-start=\"89\" data-end=\"144\">Holzmedaille zum 50. Geburtstag mit Ihrem Wunschtext<\/h3>\n<p data-start=\"146\" data-end=\"354\">Eine Holzmedaille zum 50. Geburtstag mit Ihrem Wunschtext, die dem Geburtstagskind Freude bereiten und es gleichzeitig erfreuen wird. Eine solche Medaille ist eine gro\u00dfartige Auszeichnung f\u00fcr ein Lebenswerk und ein wundersch\u00f6nes Erinnerungsst\u00fcck an einen bedeutenden Jahrestag.<\/p>\n<p data-start=\"356\" data-end=\"381\"><strong data-start=\"356\" data-end=\"379\">F\u00fcr wen ist es geeignet?<\/strong><\/p>\n<ul data-start=\"382\" data-end=\"514\">\n<li data-start=\"382\" data-end=\"425\">\n<p data-start=\"384\" data-end=\"425\">Geschenk zum 50. Geburtstag f\u00fcr M\u00e4nner und Frauen<\/p>\n<\/li>\n<li data-start=\"426\" data-end=\"470\">\n<p data-start=\"428\" data-end=\"470\">\u00dcberraschungen von Familie, Freunden oder Kollegen<\/p>\n<\/li>\n<li data-start=\"471\" data-end=\"514\">\n<p data-start=\"473\" data-end=\"514\">Stilvolles Accessoire f\u00fcr eine Geburtstagsfeier<\/p>\n<\/li>\n<\/ul>\n<p data-start=\"516\" data-end=\"536\"><strong data-start=\"516\" data-end=\"534\">Bearbeitungsoptionen:<\/strong><\/p>\n<ul data-start=\"537\" data-end=\"628\">\n<li data-start=\"537\" data-end=\"572\">\n<p data-start=\"539\" data-end=\"572\">Jubil\u00e4umsnummer (50, 60, 70 Jahre\u2026)<\/p>\n<\/li>\n<li data-start=\"573\" data-end=\"610\">\n<p data-start=\"575\" data-end=\"610\">Benutzerdefinierter Text oder Name des Geburtstagskindes<\/p>\n<\/li>\n<li data-start=\"611\" data-end=\"628\">\n<p data-start=\"613\" data-end=\"628\">Kurze Widmung<\/p>\n<\/li>\n<\/ul>\n<h3 data-start=\"89\" data-end=\"144\">Holzmedaille zum 50. Geburtstag mit Ihrem Wunschtext<\/h3>\n<p data-start=\"630\" data-end=\"789\"><strong data-start=\"630\" data-end=\"644\">Design:<\/strong><br data-start=\"644\" data-end=\"647\" \/>Die Holzmedaille zum 50. Geburtstag mit Ihrem Wunschtext ist aus Naturholz gefertigt, der Text ist pr\u00e4zise eingebrannt und mit einem dekorativen Motiv verziert. Ein Satinband zum einfachen Aufh\u00e4ngen ist im Lieferumfang enthalten.<\/p>\n<p data-start=\"791\" data-end=\"807\"><strong data-start=\"791\" data-end=\"805\">Parameter:<\/strong><\/p>\n<ul>\n<li style=\"list-style-type: none;\">\n<ul data-start=\"808\" data-end=\"923\">\n<li data-start=\"808\" data-end=\"839\">\n<p data-start=\"810\" data-end=\"839\">Material: Holz \/ Sperrholz<\/p>\n<\/li>\n<li data-start=\"840\" data-end=\"865\">\n<p data-start=\"842\" data-end=\"865\">Farbe: Naturholz<\/p>\n<\/li>\n<li data-start=\"866\" data-end=\"886\">\n<p data-start=\"868\" data-end=\"886\">Gr\u00f6\u00dfe: 9 \u00d7 10,5 cm<\/p>\n<\/li>\n<li data-start=\"866\" data-end=\"886\">Materialst\u00e4rke: 3 mm<\/li>\n<\/ul>\n<\/li>\n<li style=\"list-style-type: none;\">\n<ul data-start=\"808\" data-end=\"923\">\n<li data-start=\"887\" data-end=\"923\">\n<p data-start=\"889\" data-end=\"923\">Lieferumfang: Medaille, wei\u00dfes Band<\/p>\n<\/li>\n<\/ul>\n<\/li>\n<\/ul>","protected":false},"excerpt":{"rendered":"<p>D\u0159ev\u011bn\u00e1 medaile k 50. narozenin\u00e1m s vlastn\u00edm textem D\u0159ev\u011bn\u00e1 medaile k 50. narozenin\u00e1m s vlastn\u00edm textem, kter\u00e1 oslavence pobav\u00ed a [&hellip;]<\/p>","protected":false},"featured_media":19068,"comment_status":"open","ping_status":"closed","template":"","meta":{"site-sidebar-layout":"default","site-content-layout":"","ast-site-content-layout":"default","site-content-style":"default","site-sidebar-style":"default","ast-global-header-display":"","ast-banner-title-visibility":"","ast-main-header-display":"","ast-hfb-above-header-display":"","ast-hfb-below-header-display":"","ast-hfb-mobile-header-display":"","site-post-title":"","ast-breadcrumbs-content":"","ast-featured-img":"","footer-sml-layout":"","theme-transparent-header-meta":"default","adv-header-id-meta":"","stick-header-meta":"","header-above-stick-meta":"","header-main-stick-meta":"","header-below-stick-meta":"","astra-migrate-meta-layouts":"set","ast-page-background-enabled":"default","ast-page-background-meta":{"desktop":{"background-color":"var(--ast-global-color-4)","background-image":"","background-repeat":"repeat","background-position":"center center","background-size":"auto","background-attachment":"scroll","background-type":"","background-media":"","overlay-type":"","overlay-color":"","overlay-opacity":"","overlay-gradient":""},"tablet":{"background-color":"","background-image":"","background-repeat":"repeat","background-position":"center center","background-size":"auto","background-attachment":"scroll","background-type":"","background-media":"","overlay-type":"","overlay-color":"","overlay-opacity":"","overlay-gradient":""},"mobile":{"background-color":"","background-image":"","background-repeat":"repeat","background-position":"center center","background-size":"auto","background-attachment":"scroll","background-type":"","background-media":"","overlay-type":"","overlay-color":"","overlay-opacity":"","overlay-gradient":""}},"ast-content-background-meta":{"desktop":{"background-color":"var(--ast-global-color-5)","background-image":"","background-repeat":"repeat","background-position":"center center","background-size":"auto","background-attachment":"scroll","background-type":"","background-media":"","overlay-type":"","overlay-color":"","overlay-opacity":"","overlay-gradient":""},"tablet":{"background-color":"var(--ast-global-color-5)","background-image":"","background-repeat":"repeat","background-position":"center center","background-size":"auto","background-attachment":"scroll","background-type":"","background-media":"","overlay-type":"","overlay-color":"","overlay-opacity":"","overlay-gradient":""},"mobile":{"background-color":"var(--ast-global-color-5)","background-image":"","background-repeat":"repeat","background-position":"center center","background-size":"auto","background-attachment":"scroll","background-type":"","background-media":"","overlay-type":"","overlay-color":"","overlay-opacity":"","overlay-gradient":""}},"jetpack_post_was_ever_published":false},"product_brand":[],"product_cat":[554,571,573],"product_tag":[],"class_list":{"0":"post-18753","1":"product","2":"type-product","3":"status-publish","4":"has-post-thumbnail","6":"product_cat-narozeninove-darky","7":"product_cat-darky-pro-muze","8":"product_cat-darky-pro-zeny","9":"pa_rozmery-varianta-1","10":"pa_rozmery-varianta-2","11":"desktop-align-left","12":"tablet-align-left","13":"mobile-align-left","15":"first","16":"instock","17":"shipping-taxable","18":"purchasable","19":"product-type-simple"},"jetpack_sharing_enabled":true,"_links":{"self":[{"href":"https:\/\/dekohra.eu\/de\/wp-json\/wp\/v2\/product\/18753","targetHints":{"allow":["GET"]}}],"collection":[{"href":"https:\/\/dekohra.eu\/de\/wp-json\/wp\/v2\/product"}],"about":[{"href":"https:\/\/dekohra.eu\/de\/wp-json\/wp\/v2\/types\/product"}],"replies":[{"embeddable":true,"href":"https:\/\/dekohra.eu\/de\/wp-json\/wp\/v2\/comments?post=18753"}],"wp:featuredmedia":[{"embeddable":true,"href":"https:\/\/dekohra.eu\/de\/wp-json\/wp\/v2\/media\/19068"}],"wp:attachment":[{"href":"https:\/\/dekohra.eu\/de\/wp-json\/wp\/v2\/media?parent=18753"}],"wp:term":[{"taxonomy":"product_brand","embeddable":true,"href":"https:\/\/dekohra.eu\/de\/wp-json\/wp\/v2\/product_brand?post=18753"},{"taxonomy":"product_cat","embeddable":true,"href":"https:\/\/dekohra.eu\/de\/wp-json\/wp\/v2\/product_cat?post=18753"},{"taxonomy":"product_tag","embeddable":true,"href":"https:\/\/dekohra.eu\/de\/wp-json\/wp\/v2\/product_tag?post=18753"}],"curies":[{"name":"wp","href":"https:\/\/api.w.org\/{rel}","templated":true}]}}