{"id":18786,"date":"2026-02-02T11:19:02","date_gmt":"2026-02-02T10:19:02","guid":{"rendered":"https:\/\/dekohra.eu\/?post_type=product&#038;p=18786"},"modified":"2026-04-09T10:29:31","modified_gmt":"2026-04-09T08:29:31","slug":"dreveny-vesak-na-medaile-pro-pejsky","status":"publish","type":"product","link":"https:\/\/dekohra.eu\/de\/produkt\/dreveny-vesak-na-medaile-pro-pejsky\/","title":{"rendered":"Medaillenhalter aus Holz f\u00fcr Hunde"},"content":{"rendered":"<p><!-- upraveno html4output --><\/p>\n<h3 data-start=\"172\" data-end=\"236\">Medaillenhalter aus Holz f\u00fcr Hunde \u2013 personalisierbar mit Namen<\/h3>\n<p data-start=\"238\" data-end=\"627\">Der Medaillenhalter aus Holz f\u00fcr Hunde ist das ideale Accessoire f\u00fcr alle Hundesport-, Kynologie- und Hundeliebhaber sowie f\u00fcr alle, die ein aktives Leben mit ihrem Vierbeiner genie\u00dfen. Das stilvolle Design mit Hundesilhouetten und die M\u00f6glichkeit, auf Wunsch einen Namen eingravieren zu lassen, machen diesen Halter zu einer originellen und pers\u00f6nlichen Dekoration, die all Ihre gewonnenen Medaillen w\u00fcrdevoll pr\u00e4sentiert. Jedes St\u00fcck wird so zu einer Erinnerung an gemeinsames Training, Wettk\u00e4mpfe und Erfolge.<\/p>\n<p data-start=\"629\" data-end=\"867\">Das Hundemotiv verleiht Ihrem Interieur eine besondere Note und unterstreicht Ihre Leidenschaft f\u00fcr Sport und Hunde. Der Kleiderb\u00fcgel ist in drei Gr\u00f6\u00dfen erh\u00e4ltlich und eignet sich somit sowohl f\u00fcr Einsteiger als auch f\u00fcr erfahrene Hundesportteams.<\/p>\n<h3 data-start=\"874\" data-end=\"918\">Hochwertige Materialien und pr\u00e4zise Verarbeitung<\/h3>\n<p data-start=\"920\" data-end=\"1088\"><strong data-start=\"920\" data-end=\"943\">Festigkeit und Haltbarkeit:<\/strong><br data-start=\"943\" data-end=\"946\" \/>Der Kleiderb\u00fcgel besteht aus hochwertiger, 3 mm dicker Faserplatte, die auch bei einer gro\u00dfen Anzahl aufgeh\u00e4ngter Medaillen f\u00fcr ausreichende Stabilit\u00e4t sorgt.<\/p>\n<p data-start=\"1090\" data-end=\"1296\"><strong data-start=\"1090\" data-end=\"1111\">Elegantes Design:<\/strong><br data-start=\"1111\" data-end=\"1114\" \/>Dank pr\u00e4zisem Laserschnitt kommen die feinen Details der Hundesilhouetten und die klaren Linien der Schriftz\u00fcge besonders gut zur Geltung. Das moderne und zugleich zeitlose Design sorgt daf\u00fcr, dass sich der Kleiderb\u00fcgel perfekt in jedes Interieur einf\u00fcgt.<\/p>\n<p data-start=\"1298\" data-end=\"1442\"><strong data-start=\"1298\" data-end=\"1319\">Farbvarianten:<\/strong><br data-start=\"1319\" data-end=\"1322\" \/>Es stehen verschiedene Farbvarianten zur Auswahl, sodass der Kleiderb\u00fcgel farblich auf die Einrichtung des Zimmers, des Clubhauses oder der Trainingsanlage abgestimmt werden kann.<\/p>\n<h3 data-start=\"1449\" data-end=\"1475\"><\/h3>\n<h3 data-start=\"1761\" data-end=\"1792\">Warum diesen Kleiderb\u00fcgel w\u00e4hlen?<\/h3>\n<p data-start=\"1794\" data-end=\"2140\">Ein personalisierter Hunde-Medaillenhalter ist nicht nur ein praktischer Aufbewahrungsort f\u00fcr Medaillen, sondern vor allem ein Symbol f\u00fcr gemeinsame Erfolge, Geduld und die tiefe Verbundenheit zwischen Mensch und Hund. Jeder Blick auf die ausgestellten Medaillen erinnert an die Freude am Wettkampf, an \u00fcberwundene Herausforderungen und unvergessliche Momente. Ein ideales Geschenk f\u00fcr alle, die den Hundesport lieben. \ud83d\udc3e\ud83c\udfc5<\/p>\n<h3>Parameter:<\/h3>\n<ul>\n<li><strong>Material:<\/strong>\u00a0<a href=\"https:\/\/dekohra.eu\/de\/drevovlaknita-deska-3mm-idealni-material-pro-vyrobu-obrazu\/\">Faserplatte, einseitig lackiert<\/a><\/li>\n<li><strong>Produktdicke:\u00a0<\/strong>3 mm<\/li>\n<li><strong>Hersteller:\u00a0<\/strong><a href=\"http:\/\/dekohra.de\/\" target=\"_blank\" rel=\"noopener\">Dekohra.eu<\/a><\/li>\n<li><strong>Kategorie: <\/strong><a href=\"https:\/\/dekohra.eu\/de\/produkt-kategorie\/darky\/sportovni-aktivity\/\">Geschenke f\u00fcr Sportler<\/a><\/li>\n<li><strong>Montage:<\/strong>\u00a0<a href=\"https:\/\/dekohra.eu\/de\/navod-k-obsluze-a-montazi\/\">Mit doppelseitigem Klebeband oder Minin\u00e4geln<\/a><\/li>\n<\/ul>\n<p>&nbsp;<\/p>\n<p><a href=\"https:\/\/dekohra.eu\/de\/clanek\/velikost-drevenych-obrazu-prakticky-pruvodce\/\"><img decoding=\"async\" src=\"https:\/\/dekohra.eu\/_obchody\/go4874\/prilohy\/4\/vyber-velikosti.jpg.big.jpg\" alt=\"\" width=\"400\" \/><\/a><\/p>\n<p>Wandmontage durch Kleben, Kleber ist nicht im Lieferumfang enthalten.<\/p>","protected":false},"excerpt":{"rendered":"<p>D\u0159ev\u011bn\u00fd v\u011b\u0161\u00e1k na medaile pro pejsky \u2013 personalizovan\u00fd se jm\u00e9nem D\u0159ev\u011bn\u00fd v\u011b\u0161\u00e1k na medaile pro pejsky je ide\u00e1ln\u00edm dopl\u0148kem pro [&hellip;]<\/p>","protected":false},"featured_media":18792,"comment_status":"open","ping_status":"closed","template":"","meta":{"site-sidebar-layout":"default","site-content-layout":"","ast-site-content-layout":"default","site-content-style":"default","site-sidebar-style":"default","ast-global-header-display":"","ast-banner-title-visibility":"","ast-main-header-display":"","ast-hfb-above-header-display":"","ast-hfb-below-header-display":"","ast-hfb-mobile-header-display":"","site-post-title":"","ast-breadcrumbs-content":"","ast-featured-img":"","footer-sml-layout":"","theme-transparent-header-meta":"default","adv-header-id-meta":"","stick-header-meta":"","header-above-stick-meta":"","header-main-stick-meta":"","header-below-stick-meta":"","astra-migrate-meta-layouts":"set","ast-page-background-enabled":"default","ast-page-background-meta":{"desktop":{"background-color":"var(--ast-global-color-4)","background-image":"","background-repeat":"repeat","background-position":"center center","background-size":"auto","background-attachment":"scroll","background-type":"","background-media":"","overlay-type":"","overlay-color":"","overlay-opacity":"","overlay-gradient":""},"tablet":{"background-color":"","background-image":"","background-repeat":"repeat","background-position":"center center","background-size":"auto","background-attachment":"scroll","background-type":"","background-media":"","overlay-type":"","overlay-color":"","overlay-opacity":"","overlay-gradient":""},"mobile":{"background-color":"","background-image":"","background-repeat":"repeat","background-position":"center center","background-size":"auto","background-attachment":"scroll","background-type":"","background-media":"","overlay-type":"","overlay-color":"","overlay-opacity":"","overlay-gradient":""}},"ast-content-background-meta":{"desktop":{"background-color":"var(--ast-global-color-5)","background-image":"","background-repeat":"repeat","background-position":"center center","background-size":"auto","background-attachment":"scroll","background-type":"","background-media":"","overlay-type":"","overlay-color":"","overlay-opacity":"","overlay-gradient":""},"tablet":{"background-color":"var(--ast-global-color-5)","background-image":"","background-repeat":"repeat","background-position":"center center","background-size":"auto","background-attachment":"scroll","background-type":"","background-media":"","overlay-type":"","overlay-color":"","overlay-opacity":"","overlay-gradient":""},"mobile":{"background-color":"var(--ast-global-color-5)","background-image":"","background-repeat":"repeat","background-position":"center center","background-size":"auto","background-attachment":"scroll","background-type":"","background-media":"","overlay-type":"","overlay-color":"","overlay-opacity":"","overlay-gradient":""}},"jetpack_post_was_ever_published":false},"product_brand":[],"product_cat":[552],"product_tag":[],"class_list":{"0":"post-18786","1":"product","2":"type-product","3":"status-publish","4":"has-post-thumbnail","6":"product_cat-darky-pro-sportovce","7":"pa_barva-cerna","8":"pa_barva-antracit","9":"pa_barva-bila","10":"pa_barva-cervena","11":"pa_barva-fialova","12":"pa_barva-modra","13":"pa_barva-oranzova","14":"pa_barva-orech","15":"pa_barva-ruzova","16":"pa_barva-zelena","17":"pa_barva-zluta","18":"pa_rozmery-30x14-cm","19":"pa_rozmery-45x21-cm","20":"pa_rozmery-60x28-cm","21":"desktop-align-left","22":"tablet-align-left","23":"mobile-align-left","25":"first","26":"instock","27":"shipping-taxable","28":"purchasable","29":"product-type-variable"},"jetpack_sharing_enabled":true,"_links":{"self":[{"href":"https:\/\/dekohra.eu\/de\/wp-json\/wp\/v2\/product\/18786","targetHints":{"allow":["GET"]}}],"collection":[{"href":"https:\/\/dekohra.eu\/de\/wp-json\/wp\/v2\/product"}],"about":[{"href":"https:\/\/dekohra.eu\/de\/wp-json\/wp\/v2\/types\/product"}],"replies":[{"embeddable":true,"href":"https:\/\/dekohra.eu\/de\/wp-json\/wp\/v2\/comments?post=18786"}],"wp:featuredmedia":[{"embeddable":true,"href":"https:\/\/dekohra.eu\/de\/wp-json\/wp\/v2\/media\/18792"}],"wp:attachment":[{"href":"https:\/\/dekohra.eu\/de\/wp-json\/wp\/v2\/media?parent=18786"}],"wp:term":[{"taxonomy":"product_brand","embeddable":true,"href":"https:\/\/dekohra.eu\/de\/wp-json\/wp\/v2\/product_brand?post=18786"},{"taxonomy":"product_cat","embeddable":true,"href":"https:\/\/dekohra.eu\/de\/wp-json\/wp\/v2\/product_cat?post=18786"},{"taxonomy":"product_tag","embeddable":true,"href":"https:\/\/dekohra.eu\/de\/wp-json\/wp\/v2\/product_tag?post=18786"}],"curies":[{"name":"wp","href":"https:\/\/api.w.org\/{rel}","templated":true}]}}