{"id":18809,"date":"2026-02-04T11:07:44","date_gmt":"2026-02-04T10:07:44","guid":{"rendered":"https:\/\/dekohra.eu\/?post_type=product&#038;p=18809"},"modified":"2026-04-09T09:23:33","modified_gmt":"2026-04-09T07:23:33","slug":"originalni-drevena-pokladnicka","status":"publish","type":"product","link":"https:\/\/dekohra.eu\/de\/produkt\/originalni-drevena-pokladnicka\/","title":{"rendered":"Originale Spardose aus Holz (mit der Option auf individuellen Text)"},"content":{"rendered":"<h3 data-start=\"204\" data-end=\"291\">Originale h\u00f6lzerne Spardose<\/h3>\n<p data-start=\"293\" data-end=\"559\">Diese originelle Spardose aus Holz bietet eine einfache und \u00fcbersichtliche M\u00f6glichkeit, Ihre Ersparnisse im Blick zu behalten. <strong data-start=\"411\" data-end=\"452\">Prozentskala an der Seite<\/strong> Erm\u00f6glicht es Ihnen, zu verfolgen, wie viel Prozent Ihres Sparziels Sie bereits erreicht haben \u2013 so k\u00f6nnen Sie Ihren Fortschritt auf einen Blick erkennen.<\/p>\n<p data-start=\"561\" data-end=\"767\">Dank der M\u00f6glichkeit <strong data-start=\"575\" data-end=\"594\">eigener Text<\/strong> Die Spardose l\u00e4sst sich ganz nach Ihren W\u00fcnschen gestalten. Ob Sie einen Namen, einen motivierenden Spruch oder eine pers\u00f6nliche Widmung w\u00e4hlen \u2013 Sie kreieren ein einzigartiges St\u00fcck, das sich auch hervorragend als originelles Geschenk eignet.<\/p>\n<p data-start=\"769\" data-end=\"794\"><strong data-start=\"769\" data-end=\"794\">Produktspezifikationen:<\/strong><\/p>\n<ul data-start=\"795\" data-end=\"1066\">\n<li data-start=\"795\" data-end=\"835\">\n<p data-start=\"797\" data-end=\"835\">Material: hochwertiges Holzsperrholz<\/p>\n<\/li>\n<li data-start=\"836\" data-end=\"893\">\n<p data-start=\"838\" data-end=\"893\">Design: 0-100 % Prozentskala an der Seite<\/p>\n<\/li>\n<li data-start=\"894\" data-end=\"936\">\n<p data-start=\"896\" data-end=\"936\">Personalisierung: M\u00f6glichkeit zur individuellen Textgestaltung<\/p>\n<\/li>\n<li data-start=\"937\" data-end=\"997\">\n<p data-start=\"939\" data-end=\"997\">Geldeinwurf: \u00d6ffnung oben f\u00fcr M\u00fcnzen und Banknoten<\/p>\n<\/li>\n<li data-start=\"998\" data-end=\"1066\">\n<p data-start=\"1000\" data-end=\"1066\">\u00d6ffnung: einfache Entnahme des Inhalts (abnehmbare R\u00fcck- oder Unterseite)<\/p>\n<\/li>\n<\/ul>\n<h3 data-start=\"204\" data-end=\"291\">Originale h\u00f6lzerne Spardose mit Prozentskala (mit der Option auf individuellen Text)<\/h3>\n<p data-start=\"1068\" data-end=\"1091\"><strong data-start=\"1068\" data-end=\"1091\">Hauptmerkmale:<\/strong><\/p>\n<ul data-start=\"1092\" data-end=\"1353\">\n<li data-start=\"1092\" data-end=\"1138\">\n<p data-start=\"1094\" data-end=\"1138\">Klarer \u00dcberblick \u00fcber den Sparstatus dank Prozentangaben<\/p>\n<\/li>\n<li data-start=\"1139\" data-end=\"1174\">\n<p data-start=\"1141\" data-end=\"1174\">Motiviert zum regelm\u00e4\u00dfigen Sparen<\/p>\n<\/li>\n<li data-start=\"1175\" data-end=\"1212\">\n<p data-start=\"1177\" data-end=\"1212\">Minimalistisches und zeitloses Design<\/p>\n<\/li>\n<li data-start=\"1213\" data-end=\"1243\">\n<p data-start=\"1215\" data-end=\"1243\">Nat\u00fcrliche Holzoberfl\u00e4che<\/p>\n<\/li>\n<li data-start=\"1244\" data-end=\"1277\">\n<p data-start=\"1246\" data-end=\"1277\">M\u00f6glichkeit der Personalisierung<\/p>\n<\/li>\n<li data-start=\"1278\" data-end=\"1353\">\n<p data-start=\"1280\" data-end=\"1353\">Geeignet als Geburtstags- oder Weihnachtsgeschenk oder als langfristiges Sparziel<\/p>\n<\/li>\n<\/ul>\n<p data-start=\"1355\" data-end=\"1517\">Ein Sparschwein mit Prozentskala verbindet Praktikabilit\u00e4t mit einfacher Motivation \u2013 jeder hinzugef\u00fcgte Prozentpunkt bringt Sie Ihrem Ziel n\u00e4her und verleiht dem Sparen eine klare Bedeutung.<\/p>\n<div class=\"group\/conversation-turn relative flex w-full min-w-0 flex-col agent-turn\">\n<div class=\"flex-col gap-1 md:gap-3\">\n<div class=\"flex flex-grow flex-col max-w-full\">\n<div class=\"min-h-[20px] text-message flex w-full flex-col items-end gap-2 whitespace-pre-wrap break-words [.text-message+&amp;]:mt-5 overflow-x-auto\" dir=\"auto\" data-message-author-role=\"assistant\" data-message-id=\"78d9b41f-f71f-4932-8465-41e2605e60c6\">\n<div class=\"flex w-full flex-col gap-1 empty:hidden first:pt-[3px]\">\n<h3>Parameter:<\/h3>\n<ul>\n<li style=\"list-style-type: none;\">\n<ul>\n<li style=\"list-style-type: none;\">\n<ul>\n<li style=\"list-style-type: none;\">\n<ul>\n<li><strong>Material:<\/strong> Pappelsperrholz<\/li>\n<li><strong>Produktdicke:\u00a0<\/strong>3 mm<\/li>\n<li><strong>Hersteller:\u00a0<\/strong><a href=\"http:\/\/dekohra.de\/\" target=\"_blank\" rel=\"noopener\">Dekohra.eu<\/a><\/li>\n<li><strong>Kategorie: <\/strong><a href=\"https:\/\/dekohra.eu\/de\/produkt-kategorie\/darky\/drevene-pokladnicky\/\">Spardosen aus Holz<\/a><\/li>\n<li><strong>Technologie:\u00a0<\/strong><a href=\"https:\/\/dekohra.eu\/de\/moderni-laserova-technologie-rezani-a-gravirovani\/\">Moderne Laserschneidtechnologie<\/a><\/li>\n<li><strong>Abmessungen:<\/strong> 15 x 10 x 10 cm<\/li>\n<\/ul>\n<\/li>\n<\/ul>\n<\/li>\n<\/ul>\n<\/li>\n<\/ul>\n<\/div>\n<\/div>\n<\/div>\n<\/div>\n<\/div>\n<p><img decoding=\"async\" class=\"lazyloaded\" src=\"https:\/\/dekohra.eu\/_obchody\/go4874\/prilohy\/4\/vyber-velikosti.jpg.big.jpg\" alt=\"\" width=\"500\" data-src=\"https:\/\/dekohra.eu\/_obchody\/go4874\/prilohy\/4\/vyber-velikosti.jpg.big.jpg\" \/><\/p>\n<p>&nbsp;<\/p>\n<p>&nbsp;<\/p>","protected":false},"excerpt":{"rendered":"<p>Origin\u00e1ln\u00ed d\u0159ev\u011bn\u00e1 pokladni\u010dka Tato origin\u00e1ln\u00ed d\u0159ev\u011bn\u00e1 pokladni\u010dka nab\u00edz\u00ed jednoduch\u00fd a p\u0159ehledn\u00fd zp\u016fsob, jak m\u00edt sv\u00e9 spo\u0159en\u00ed neust\u00e1le pod kontrolou. Procentu\u00e1ln\u00ed [&hellip;]<\/p>","protected":false},"featured_media":18818,"comment_status":"open","ping_status":"closed","template":"","meta":{"site-sidebar-layout":"default","site-content-layout":"","ast-site-content-layout":"default","site-content-style":"default","site-sidebar-style":"default","ast-global-header-display":"","ast-banner-title-visibility":"","ast-main-header-display":"","ast-hfb-above-header-display":"","ast-hfb-below-header-display":"","ast-hfb-mobile-header-display":"","site-post-title":"","ast-breadcrumbs-content":"","ast-featured-img":"","footer-sml-layout":"","theme-transparent-header-meta":"default","adv-header-id-meta":"","stick-header-meta":"","header-above-stick-meta":"","header-main-stick-meta":"","header-below-stick-meta":"","astra-migrate-meta-layouts":"set","ast-page-background-enabled":"default","ast-page-background-meta":{"desktop":{"background-color":"var(--ast-global-color-4)","background-image":"","background-repeat":"repeat","background-position":"center center","background-size":"auto","background-attachment":"scroll","background-type":"","background-media":"","overlay-type":"","overlay-color":"","overlay-opacity":"","overlay-gradient":""},"tablet":{"background-color":"","background-image":"","background-repeat":"repeat","background-position":"center center","background-size":"auto","background-attachment":"scroll","background-type":"","background-media":"","overlay-type":"","overlay-color":"","overlay-opacity":"","overlay-gradient":""},"mobile":{"background-color":"","background-image":"","background-repeat":"repeat","background-position":"center center","background-size":"auto","background-attachment":"scroll","background-type":"","background-media":"","overlay-type":"","overlay-color":"","overlay-opacity":"","overlay-gradient":""}},"ast-content-background-meta":{"desktop":{"background-color":"var(--ast-global-color-5)","background-image":"","background-repeat":"repeat","background-position":"center center","background-size":"auto","background-attachment":"scroll","background-type":"","background-media":"","overlay-type":"","overlay-color":"","overlay-opacity":"","overlay-gradient":""},"tablet":{"background-color":"var(--ast-global-color-5)","background-image":"","background-repeat":"repeat","background-position":"center center","background-size":"auto","background-attachment":"scroll","background-type":"","background-media":"","overlay-type":"","overlay-color":"","overlay-opacity":"","overlay-gradient":""},"mobile":{"background-color":"var(--ast-global-color-5)","background-image":"","background-repeat":"repeat","background-position":"center center","background-size":"auto","background-attachment":"scroll","background-type":"","background-media":"","overlay-type":"","overlay-color":"","overlay-opacity":"","overlay-gradient":""}},"jetpack_post_was_ever_published":false},"product_brand":[],"product_cat":[856],"product_tag":[],"class_list":{"0":"post-18809","1":"product","2":"type-product","3":"status-publish","4":"has-post-thumbnail","6":"product_cat-drevene-pokladnicky-a-krabicky","7":"pa_vlastni-text-bez-vlastniho-textu","8":"pa_vlastni-text-s-vlastnim-textem","9":"desktop-align-left","10":"tablet-align-left","11":"mobile-align-left","13":"first","14":"instock","15":"shipping-taxable","16":"purchasable","17":"product-type-variable"},"jetpack_sharing_enabled":true,"_links":{"self":[{"href":"https:\/\/dekohra.eu\/de\/wp-json\/wp\/v2\/product\/18809","targetHints":{"allow":["GET"]}}],"collection":[{"href":"https:\/\/dekohra.eu\/de\/wp-json\/wp\/v2\/product"}],"about":[{"href":"https:\/\/dekohra.eu\/de\/wp-json\/wp\/v2\/types\/product"}],"replies":[{"embeddable":true,"href":"https:\/\/dekohra.eu\/de\/wp-json\/wp\/v2\/comments?post=18809"}],"wp:featuredmedia":[{"embeddable":true,"href":"https:\/\/dekohra.eu\/de\/wp-json\/wp\/v2\/media\/18818"}],"wp:attachment":[{"href":"https:\/\/dekohra.eu\/de\/wp-json\/wp\/v2\/media?parent=18809"}],"wp:term":[{"taxonomy":"product_brand","embeddable":true,"href":"https:\/\/dekohra.eu\/de\/wp-json\/wp\/v2\/product_brand?post=18809"},{"taxonomy":"product_cat","embeddable":true,"href":"https:\/\/dekohra.eu\/de\/wp-json\/wp\/v2\/product_cat?post=18809"},{"taxonomy":"product_tag","embeddable":true,"href":"https:\/\/dekohra.eu\/de\/wp-json\/wp\/v2\/product_tag?post=18809"}],"curies":[{"name":"wp","href":"https:\/\/api.w.org\/{rel}","templated":true}]}}