{"id":18843,"date":"2026-02-09T18:16:06","date_gmt":"2026-02-09T17:16:06","guid":{"rendered":"https:\/\/dekohra.eu\/?post_type=product&#038;p=18843"},"modified":"2026-04-26T07:29:51","modified_gmt":"2026-04-26T05:29:51","slug":"originalni-medaile-s-vlastnim-textem","status":"publish","type":"product","link":"https:\/\/dekohra.eu\/de\/produkt\/originalni-medaile-s-vlastnim-textem\/","title":{"rendered":"Originelle Medaillen mit Ihrem eigenen Text f\u00fcr Kinderg\u00e4rten und Schulen"},"content":{"rendered":"<p><!-- upraveno html4output --><\/p>\n<h3 data-start=\"215\" data-end=\"298\">\ud83c\udf89Originalmedaille mit Ihrem eigenen Text<\/h3>\n<p data-start=\"300\" data-end=\"538\">Originelle Medaillen mit Ihrem eigenen Text sind ein wundersch\u00f6nes und ungew\u00f6hnliches Accessoire f\u00fcr wichtige Momente im Leben von Kindergartenkindern. Sie eignen sich ideal als <strong data-start=\"427\" data-end=\"463\">Geburtstagsfeier im Kindergarten<\/strong>aber auch als <strong data-start=\"479\" data-end=\"537\">ein Denkmal f\u00fcr Kinder, die den Kindergarten verlassen und zur Schule gehen<\/strong>.<\/p>\n<p data-start=\"540\" data-end=\"776\">Mit ihrem nat\u00fcrlichen Aussehen und den Personalisierungsm\u00f6glichkeiten sind Medaillen einzigartig, pers\u00f6nlich und haben einen sch\u00f6nen Erinnerungswert. Sie sind eine hervorragende Wahl f\u00fcr Eltern, die ihren Kindern etwas anderes als S\u00fc\u00dfigkeiten schenken m\u00f6chten \u2013 ein kleines, liebevolles und bleibendes Geschenk.<\/p>\n<hr data-start=\"778\" data-end=\"781\" \/>\n<h3 data-start=\"783\" data-end=\"798\">Merkmale:<\/h3>\n<p data-start=\"800\" data-end=\"1102\"><strong data-start=\"800\" data-end=\"813\">Material:<\/strong> hochwertiges Pappelsperrholz<br data-start=\"841\" data-end=\"844\" \/><strong data-start=\"844\" data-end=\"855\">Durchmesser:<\/strong> ca. 10 cm<br data-start=\"865\" data-end=\"868\" \/><strong data-start=\"868\" data-end=\"881\">Dicke:<\/strong> 3 mm<br data-start=\"886\" data-end=\"889\" \/><strong data-start=\"889\" data-end=\"899\">Scharnier:<\/strong> Band oder Schnur (im Lieferumfang enthalten) \u2013 andere Farben auf Anfrage erh\u00e4ltlich<br data-start=\"968\" data-end=\"971\" \/><strong data-start=\"971\" data-end=\"992\">Oberfl\u00e4chenbehandlung:<\/strong> fein geschliffen, nat\u00fcrliche Optik<br data-start=\"1024\" data-end=\"1027\" \/><strong data-start=\"1027\" data-end=\"1043\">Gravur:<\/strong> Laser \u2013 M\u00f6glichkeit zur individuellen Gravur mit Text, Namen, Motiv oder Logo<\/p>\n<hr data-start=\"1104\" data-end=\"1107\" \/>\n<h3 data-start=\"1109\" data-end=\"1136\">Personalisierungsoptionen:<\/h3>\n<p data-start=\"1138\" data-end=\"1167\"><strong data-start=\"1138\" data-end=\"1167\">F\u00fcr eine Geburtstagsfeier im Kindergarten:<\/strong><\/p>\n<ul data-start=\"1168\" data-end=\"1363\">\n<li data-start=\"1168\" data-end=\"1216\">\n<p data-start=\"1170\" data-end=\"1216\">Name des Kindes (z. B. \u201eAnnie feiert ihren 5. Geburtstag \ud83c\udf82\u201c)<\/p>\n<\/li>\n<li data-start=\"1217\" data-end=\"1236\">\n<p data-start=\"1219\" data-end=\"1236\">Geburtsdatum<\/p>\n<\/li>\n<li data-start=\"1237\" data-end=\"1264\">\n<p data-start=\"1239\" data-end=\"1264\">Name des Kindergartens oder der Klasse<\/p>\n<\/li>\n<li data-start=\"1265\" data-end=\"1311\">\n<p data-start=\"1267\" data-end=\"1311\">Eine freundliche Nachricht (z. B. \u201eVielen Dank f\u00fcr deine Freundschaft\u201c)<\/p>\n<\/li>\n<li data-start=\"1312\" data-end=\"1363\">\n<p data-start=\"1314\" data-end=\"1363\">Fr\u00f6hliches Motiv (Luftballons, Kuchen, Tiere, Sterne)<\/p>\n<\/li>\n<\/ul>\n<p data-start=\"1365\" data-end=\"1409\"><strong data-start=\"1365\" data-end=\"1409\">F\u00fcr Vorschulkinder \/ Abschied vom Kindergarten:<\/strong><\/p>\n<ul data-start=\"1410\" data-end=\"1627\">\n<li data-start=\"1410\" data-end=\"1426\">\n<p data-start=\"1412\" data-end=\"1426\">Name des Kindes<\/p>\n<\/li>\n<li data-start=\"1427\" data-end=\"1517\">\n<p data-start=\"1429\" data-end=\"1442\">Beispieltext:<\/p>\n<ul data-start=\"1445\" data-end=\"1517\">\n<li data-start=\"1445\" data-end=\"1466\">\n<p data-start=\"1447\" data-end=\"1466\">&quot;Kindergarten, vielen Dank!&quot;<\/p>\n<\/li>\n<li data-start=\"1469\" data-end=\"1489\">\n<p data-start=\"1471\" data-end=\"1489\">\u201eHurra, Schule!\u201c<\/p>\n<\/li>\n<li data-start=\"1492\" data-end=\"1517\">\n<p data-start=\"1494\" data-end=\"1517\">&quot;Eine Erinnerung an den Kindergarten&quot;<\/p>\n<\/li>\n<\/ul>\n<\/li>\n<li data-start=\"1518\" data-end=\"1541\">\n<p data-start=\"1520\" data-end=\"1541\">Jahr des Kindergartenabschlusses<\/p>\n<\/li>\n<li data-start=\"1542\" data-end=\"1569\">\n<p data-start=\"1544\" data-end=\"1569\">Name des Kindergartens oder der Klasse<\/p>\n<\/li>\n<li data-start=\"1570\" data-end=\"1627\">\n<p data-start=\"1572\" data-end=\"1627\">Symbolisches Motiv (Aktentasche, Bleistift, Kindergarten, Stern usw.)<\/p>\n<\/li>\n<\/ul>\n<hr data-start=\"1629\" data-end=\"1632\" \/>\n<h3 data-start=\"1634\" data-end=\"1646\">Verwenden:<\/h3>\n<ul data-start=\"1648\" data-end=\"1896\">\n<li data-start=\"1648\" data-end=\"1678\">\n<p data-start=\"1650\" data-end=\"1678\">Geburtstagsfeier im Kindergarten<\/p>\n<\/li>\n<li data-start=\"1679\" data-end=\"1727\">\n<p data-start=\"1681\" data-end=\"1727\">Statt S\u00fc\u00dfigkeiten lieber etwas Aufmerksamkeit f\u00fcr die Mitsch\u00fcler.<\/p>\n<\/li>\n<li data-start=\"1728\" data-end=\"1769\">\n<p data-start=\"1730\" data-end=\"1769\">Abschied vom Kindergarten f\u00fcr Vorschulkinder<\/p>\n<\/li>\n<li data-start=\"1770\" data-end=\"1798\">\n<p data-start=\"1772\" data-end=\"1798\">Eine Erinnerung an die Kindergartenjahre<\/p>\n<\/li>\n<li data-start=\"1799\" data-end=\"1834\">\n<p data-start=\"1801\" data-end=\"1834\">Ein Geschenk der Eltern f\u00fcr die ganze Klasse<\/p>\n<\/li>\n<li data-start=\"1835\" data-end=\"1896\">\n<p data-start=\"1837\" data-end=\"1896\">Klassentraditionen f\u00fcr Geburtstage oder das Ende des Schuljahres<\/p>\n<\/li>\n<\/ul>\n<hr data-start=\"1898\" data-end=\"1901\" \/>\n<h3 data-start=\"1903\" data-end=\"1932\">Mindestbestellmenge: ab 5 St\u00fcck.<\/h3>\n<p>&nbsp;<\/p>\n<h3>Parameter:<\/h3>\n<ul>\n<li style=\"list-style-type: none;\">\n<ul>\n<li><strong>Material:<\/strong> Pappelsperrholz<\/li>\n<li><strong>Produktdicke:\u00a0<\/strong>3 mm<\/li>\n<li><strong>Hersteller:\u00a0<\/strong><a href=\"http:\/\/dekohra.de\/\" target=\"_blank\" rel=\"noopener\">Dekohra.eu<\/a><\/li>\n<li><strong>Kategorie: <\/strong><a href=\"https:\/\/dekohra.eu\/de\/produkt-kategorie\/darky\/sportovni-aktivity\/\">Geschenke f\u00fcr Sportler<\/a><\/li>\n<\/ul>\n<\/li>\n<\/ul>\n<p>&nbsp;<\/p>\n<p>&nbsp;<\/p>\n<p><a href=\"https:\/\/dekohra.eu\/de\/clanek\/velikost-drevenych-obrazu-prakticky-pruvodce\/\"><img decoding=\"async\" src=\"https:\/\/dekohra.eu\/_obchody\/go4874\/prilohy\/4\/vyber-velikosti.jpg.big.jpg\" alt=\"\" width=\"400\" \/><\/a><\/p>\n<p>&nbsp;<\/p>","protected":false},"excerpt":{"rendered":"<p>\ud83c\udf89Origin\u00e1ln\u00ed medaile s vlastn\u00edm textem Origin\u00e1ln\u00ed medaile s vlastn\u00edm textem jsou kr\u00e1sn\u00fdm a netradi\u010dn\u00edm dopl\u0148kem pro d\u016fle\u017eit\u00e9 chv\u00edle v \u017eivot\u011b [&hellip;]<\/p>","protected":false},"featured_media":18844,"comment_status":"open","ping_status":"closed","template":"","meta":{"site-sidebar-layout":"default","site-content-layout":"","ast-site-content-layout":"default","site-content-style":"default","site-sidebar-style":"default","ast-global-header-display":"","ast-banner-title-visibility":"","ast-main-header-display":"","ast-hfb-above-header-display":"","ast-hfb-below-header-display":"","ast-hfb-mobile-header-display":"","site-post-title":"","ast-breadcrumbs-content":"","ast-featured-img":"","footer-sml-layout":"","theme-transparent-header-meta":"default","adv-header-id-meta":"","stick-header-meta":"","header-above-stick-meta":"","header-main-stick-meta":"","header-below-stick-meta":"","astra-migrate-meta-layouts":"set","ast-page-background-enabled":"default","ast-page-background-meta":{"desktop":{"background-color":"var(--ast-global-color-4)","background-image":"","background-repeat":"repeat","background-position":"center center","background-size":"auto","background-attachment":"scroll","background-type":"","background-media":"","overlay-type":"","overlay-color":"","overlay-opacity":"","overlay-gradient":""},"tablet":{"background-color":"","background-image":"","background-repeat":"repeat","background-position":"center center","background-size":"auto","background-attachment":"scroll","background-type":"","background-media":"","overlay-type":"","overlay-color":"","overlay-opacity":"","overlay-gradient":""},"mobile":{"background-color":"","background-image":"","background-repeat":"repeat","background-position":"center center","background-size":"auto","background-attachment":"scroll","background-type":"","background-media":"","overlay-type":"","overlay-color":"","overlay-opacity":"","overlay-gradient":""}},"ast-content-background-meta":{"desktop":{"background-color":"var(--ast-global-color-5)","background-image":"","background-repeat":"repeat","background-position":"center center","background-size":"auto","background-attachment":"scroll","background-type":"","background-media":"","overlay-type":"","overlay-color":"","overlay-opacity":"","overlay-gradient":""},"tablet":{"background-color":"var(--ast-global-color-5)","background-image":"","background-repeat":"repeat","background-position":"center center","background-size":"auto","background-attachment":"scroll","background-type":"","background-media":"","overlay-type":"","overlay-color":"","overlay-opacity":"","overlay-gradient":""},"mobile":{"background-color":"var(--ast-global-color-5)","background-image":"","background-repeat":"repeat","background-position":"center center","background-size":"auto","background-attachment":"scroll","background-type":"","background-media":"","overlay-type":"","overlay-color":"","overlay-opacity":"","overlay-gradient":""}},"jetpack_post_was_ever_published":false},"product_brand":[],"product_cat":[550,552,568],"product_tag":[],"class_list":{"0":"post-18843","1":"product","2":"type-product","3":"status-publish","4":"has-post-thumbnail","6":"product_cat-darky-pro-deti","7":"product_cat-darky-pro-sportovce","8":"product_cat-hracky-pro-deti","9":"pa_barva-cerna","10":"pa_barva-antracit","11":"pa_barva-bila","12":"pa_barva-cervena","13":"pa_barva-fialova","14":"pa_barva-modra","15":"pa_barva-oranzova","16":"pa_barva-orech","17":"pa_barva-ruzova","18":"pa_barva-zelena","19":"pa_barva-zluta","20":"pa_rozmery-30x11-cm","21":"pa_rozmery-45x17-cm","22":"pa_rozmery-60x22-cm","23":"desktop-align-left","24":"tablet-align-left","25":"mobile-align-left","27":"first","28":"instock","29":"shipping-taxable","30":"purchasable","31":"product-type-simple"},"jetpack_sharing_enabled":true,"_links":{"self":[{"href":"https:\/\/dekohra.eu\/de\/wp-json\/wp\/v2\/product\/18843","targetHints":{"allow":["GET"]}}],"collection":[{"href":"https:\/\/dekohra.eu\/de\/wp-json\/wp\/v2\/product"}],"about":[{"href":"https:\/\/dekohra.eu\/de\/wp-json\/wp\/v2\/types\/product"}],"replies":[{"embeddable":true,"href":"https:\/\/dekohra.eu\/de\/wp-json\/wp\/v2\/comments?post=18843"}],"wp:featuredmedia":[{"embeddable":true,"href":"https:\/\/dekohra.eu\/de\/wp-json\/wp\/v2\/media\/18844"}],"wp:attachment":[{"href":"https:\/\/dekohra.eu\/de\/wp-json\/wp\/v2\/media?parent=18843"}],"wp:term":[{"taxonomy":"product_brand","embeddable":true,"href":"https:\/\/dekohra.eu\/de\/wp-json\/wp\/v2\/product_brand?post=18843"},{"taxonomy":"product_cat","embeddable":true,"href":"https:\/\/dekohra.eu\/de\/wp-json\/wp\/v2\/product_cat?post=18843"},{"taxonomy":"product_tag","embeddable":true,"href":"https:\/\/dekohra.eu\/de\/wp-json\/wp\/v2\/product_tag?post=18843"}],"curies":[{"name":"wp","href":"https:\/\/api.w.org\/{rel}","templated":true}]}}