{"id":18996,"date":"2026-03-05T10:16:01","date_gmt":"2026-03-05T09:16:01","guid":{"rendered":"https:\/\/dekohra.eu\/?post_type=product&#038;p=18996"},"modified":"2026-04-09T09:14:24","modified_gmt":"2026-04-09T07:14:24","slug":"originalni-darkova-taska-s-vlastnim-textem","status":"publish","type":"product","link":"https:\/\/dekohra.eu\/de\/produkt\/originalni-darkova-taska-s-vlastnim-textem\/","title":{"rendered":"Originale Geschenkt\u00fcte mit Ihrem eigenen Text"},"content":{"rendered":"<h2 data-start=\"103\" data-end=\"348\">Originale Geschenkt\u00fcte mit Ihrem eigenen Text<\/h2>\n<p data-start=\"103\" data-end=\"348\"><strong data-start=\"103\" data-end=\"195\">Diese Geschenkt\u00fcte aus Holz ist eine originelle Dekoration und eine stilvolle Art, Geschenke zu \u00fcberreichen.<\/strong> Dank der M\u00f6glichkeit zur Personalisierung kann sie mit einem Namen, einer Dankesnachricht oder einem Firmenlogo versehen werden und eignet sich daher ideal sowohl f\u00fcr pers\u00f6nliche Geschenke als auch als Geschenkt\u00fcte f\u00fcr Unternehmen.<\/p>\n<p data-start=\"350\" data-end=\"526\">Die Tasche ist aus hochwertigem Pappel-Sperrholz gefertigt und mit einer eleganten Schleife verziert. Moderne Laserschneidtechnik gew\u00e4hrleistet eine pr\u00e4zise und detailreiche Verarbeitung, die elegant und nat\u00fcrlich wirkt.<\/p>\n<p data-start=\"528\" data-end=\"801\"><strong data-start=\"528\" data-end=\"541\">Material:<\/strong> Pappel-Sperrholz 3 mm<br data-start=\"565\" data-end=\"568\" \/><strong data-start=\"568\" data-end=\"586\">Personalisierung:<\/strong> M\u00f6glichkeit zur individuellen Textgestaltung, Namensgebung oder Firmenlogo-Anpassung<br data-start=\"637\" data-end=\"640\" \/><strong data-start=\"640\" data-end=\"653\">Gr\u00f6\u00dfe:<\/strong> Erh\u00e4ltlich in zwei Gr\u00f6\u00dfen \u2013 kleiner und gr\u00f6\u00dfer<br data-start=\"700\" data-end=\"703\" \/><strong data-start=\"703\" data-end=\"715\" data-is-only-node=\"\">Verwenden:<\/strong> Innendekoration, originelles Geschenkaccessoire oder stilvolle Firmengeschenktasche.<\/p>\n<h3>Parameter:<\/h3>\n<ul>\n<li><strong>Material:<\/strong> Pappelsperrholz<\/li>\n<li><strong>Produktdicke: <\/strong>3 mm<\/li>\n<li><strong>Gr\u00f6\u00dfe: <\/strong>Kleine Version: 14,5 \u00d7 21,4 cm, gro\u00dfe Version: 25 \u00d7 37 cm<\/li>\n<li><strong>Hersteller:\u00a0<\/strong><a href=\"http:\/\/dekohra.de\/\" target=\"_blank\" rel=\"noopener\">Dekohra.eu<\/a><\/li>\n<\/ul>","protected":false},"excerpt":{"rendered":"<p>Origin\u00e1ln\u00ed d\u00e1rkov\u00e1 ta\u0161ka s vlastn\u00edm textem Tato d\u0159ev\u011bn\u00e1 d\u00e1rkov\u00e1 ta\u0161ka je origin\u00e1ln\u00ed dekorac\u00ed i stylov\u00fdm zp\u016fsobem, jak p\u0159edat d\u00e1rek. D\u00edky [&hellip;]<\/p>","protected":false},"featured_media":19000,"comment_status":"open","ping_status":"closed","template":"","meta":{"site-sidebar-layout":"default","site-content-layout":"","ast-site-content-layout":"default","site-content-style":"default","site-sidebar-style":"default","ast-global-header-display":"","ast-banner-title-visibility":"","ast-main-header-display":"","ast-hfb-above-header-display":"","ast-hfb-below-header-display":"","ast-hfb-mobile-header-display":"","site-post-title":"","ast-breadcrumbs-content":"","ast-featured-img":"","footer-sml-layout":"","theme-transparent-header-meta":"default","adv-header-id-meta":"","stick-header-meta":"","header-above-stick-meta":"","header-main-stick-meta":"","header-below-stick-meta":"","astra-migrate-meta-layouts":"set","ast-page-background-enabled":"default","ast-page-background-meta":{"desktop":{"background-color":"var(--ast-global-color-4)","background-image":"","background-repeat":"repeat","background-position":"center center","background-size":"auto","background-attachment":"scroll","background-type":"","background-media":"","overlay-type":"","overlay-color":"","overlay-opacity":"","overlay-gradient":""},"tablet":{"background-color":"","background-image":"","background-repeat":"repeat","background-position":"center center","background-size":"auto","background-attachment":"scroll","background-type":"","background-media":"","overlay-type":"","overlay-color":"","overlay-opacity":"","overlay-gradient":""},"mobile":{"background-color":"","background-image":"","background-repeat":"repeat","background-position":"center center","background-size":"auto","background-attachment":"scroll","background-type":"","background-media":"","overlay-type":"","overlay-color":"","overlay-opacity":"","overlay-gradient":""}},"ast-content-background-meta":{"desktop":{"background-color":"var(--ast-global-color-5)","background-image":"","background-repeat":"repeat","background-position":"center center","background-size":"auto","background-attachment":"scroll","background-type":"","background-media":"","overlay-type":"","overlay-color":"","overlay-opacity":"","overlay-gradient":""},"tablet":{"background-color":"var(--ast-global-color-5)","background-image":"","background-repeat":"repeat","background-position":"center center","background-size":"auto","background-attachment":"scroll","background-type":"","background-media":"","overlay-type":"","overlay-color":"","overlay-opacity":"","overlay-gradient":""},"mobile":{"background-color":"var(--ast-global-color-5)","background-image":"","background-repeat":"repeat","background-position":"center center","background-size":"auto","background-attachment":"scroll","background-type":"","background-media":"","overlay-type":"","overlay-color":"","overlay-opacity":"","overlay-gradient":""}},"jetpack_post_was_ever_published":false},"product_brand":[],"product_cat":[554,571,877,573,856,570,624],"product_tag":[],"class_list":{"0":"post-18996","1":"product","2":"type-product","3":"status-publish","4":"has-post-thumbnail","6":"product_cat-narozeninove-darky","7":"product_cat-darky-pro-muze","8":"product_cat-darky-pro-ucitele","9":"product_cat-darky-pro-zeny","10":"product_cat-drevene-pokladnicky-a-krabicky","11":"product_cat-reklamni-predmety-a-firemni-darky","12":"product_cat-vanocni-darky","13":"pa_rozmery-145x214cm","14":"pa_rozmery-25x37cm","15":"desktop-align-left","16":"tablet-align-left","17":"mobile-align-left","19":"first","20":"instock","21":"shipping-taxable","22":"purchasable","23":"product-type-variable"},"jetpack_sharing_enabled":true,"_links":{"self":[{"href":"https:\/\/dekohra.eu\/de\/wp-json\/wp\/v2\/product\/18996","targetHints":{"allow":["GET"]}}],"collection":[{"href":"https:\/\/dekohra.eu\/de\/wp-json\/wp\/v2\/product"}],"about":[{"href":"https:\/\/dekohra.eu\/de\/wp-json\/wp\/v2\/types\/product"}],"replies":[{"embeddable":true,"href":"https:\/\/dekohra.eu\/de\/wp-json\/wp\/v2\/comments?post=18996"}],"wp:featuredmedia":[{"embeddable":true,"href":"https:\/\/dekohra.eu\/de\/wp-json\/wp\/v2\/media\/19000"}],"wp:attachment":[{"href":"https:\/\/dekohra.eu\/de\/wp-json\/wp\/v2\/media?parent=18996"}],"wp:term":[{"taxonomy":"product_brand","embeddable":true,"href":"https:\/\/dekohra.eu\/de\/wp-json\/wp\/v2\/product_brand?post=18996"},{"taxonomy":"product_cat","embeddable":true,"href":"https:\/\/dekohra.eu\/de\/wp-json\/wp\/v2\/product_cat?post=18996"},{"taxonomy":"product_tag","embeddable":true,"href":"https:\/\/dekohra.eu\/de\/wp-json\/wp\/v2\/product_tag?post=18996"}],"curies":[{"name":"wp","href":"https:\/\/api.w.org\/{rel}","templated":true}]}}