{"id":19010,"date":"2026-03-06T11:13:01","date_gmt":"2026-03-06T10:13:01","guid":{"rendered":"https:\/\/dekohra.eu\/?post_type=product&#038;p=19010"},"modified":"2026-04-09T08:30:27","modified_gmt":"2026-04-09T06:30:27","slug":"drevene-oznameni-na-svatbu","status":"publish","type":"product","link":"https:\/\/dekohra.eu\/de\/produkt\/drevene-oznameni-na-svatbu\/","title":{"rendered":"Hochzeitsank\u00fcndigung aus Holz"},"content":{"rendered":"<h2 data-start=\"139\" data-end=\"168\">Hochzeitsank\u00fcndigung aus Holz<\/h2>\n<p data-start=\"170\" data-end=\"416\">Eine Hochzeitseinladung aus Holz ist eine elegante und originelle Art, Ihre Liebsten zu einem der wichtigsten Tage Ihres Lebens einzuladen. Sie wird aus hochwertigem Naturholz gefertigt und mit pr\u00e4zisen Lasergravuren romantischer Blumen- und Herzmotive verziert.<\/p>\n<p data-start=\"418\" data-end=\"633\">Mit ihrem nat\u00fcrlichen Look und den feinen Details wirkt die Einladung sehr luxuri\u00f6s und ist gleichzeitig eine wundersch\u00f6ne Erinnerung an Ihren Hochzeitstag. Die Einladung kann mit den Namen des Brautpaares, dem Hochzeitsdatum und dem Ort der Hochzeit graviert werden.<\/p>\n<p data-start=\"635\" data-end=\"659\"><strong data-start=\"635\" data-end=\"659\">Produkteigenschaften:<\/strong><\/p>\n<ul data-start=\"661\" data-end=\"974\">\n<li data-start=\"661\" data-end=\"702\">\n<p data-start=\"663\" data-end=\"702\"><strong data-start=\"663\" data-end=\"676\">Material:<\/strong> hochwertiges Naturholz<\/p>\n<\/li>\n<li data-start=\"703\" data-end=\"783\">\n<p data-start=\"705\" data-end=\"783\"><strong data-start=\"705\" data-end=\"716\">Design:<\/strong> lasergravierte Hochzeitsmotive (Blumen, Herzen, Ornamente)<\/p>\n<\/li>\n<li data-start=\"784\" data-end=\"846\">\n<p data-start=\"786\" data-end=\"846\"><strong data-start=\"786\" data-end=\"804\">Personalisierung:<\/strong> Namen des Brautpaares, Datum und Ort der Hochzeit<\/p>\n<\/li>\n<li data-start=\"847\" data-end=\"906\">\n<p data-start=\"849\" data-end=\"906\"><strong data-start=\"849\" data-end=\"861\">Abmessungen:<\/strong> geeignet zum Einlegen in einen Standard-C6-Umschlag<\/p>\n<\/li>\n<li data-start=\"907\" data-end=\"974\">\n<p data-start=\"909\" data-end=\"974\"><strong data-start=\"909\" data-end=\"921\">Verwenden:<\/strong> Hochzeitsank\u00fcndigung und gleichzeitig ein wundersch\u00f6nes Erinnerungsst\u00fcck f\u00fcr die G\u00e4ste<\/p>\n<\/li>\n<\/ul>\n<p data-start=\"976\" data-end=\"1103\">Diese h\u00f6lzerne Hochzeitseinladung ist die perfekte Wahl f\u00fcr Paare, die etwas Besonderes, Nat\u00fcrliches und Unvergessliches suchen. \ud83d\udc8d\ud83c\udf3f<\/p>\n<h3>Parameter:<\/h3>\n<ul>\n<li><strong>Material:<\/strong> Pappelsperrholz<\/li>\n<li><strong>Produktdicke:\u00a0<\/strong>3 mm<\/li>\n<li><strong>Hersteller:\u00a0<\/strong><a href=\"http:\/\/dekohra.de\/\" target=\"_blank\" rel=\"noopener\">Dekohra.eu<\/a><\/li>\n<li><strong>Kategorie: <\/strong><a href=\"https:\/\/dekohra.eu\/de\/produkt-kategorie\/svatebni-vyzdoba\/\">Hochzeitsdekoration<\/a><\/li>\n<li><strong style=\"font-size: 16px;\">Produktabmessungen: 10 x 15 cm<\/strong><\/li>\n<li><strong>Umschlagabmessungen: 11 x 16 cm<\/strong><\/li>\n<\/ul>\n<p>&nbsp;<\/p>","protected":false},"excerpt":{"rendered":"<p>D\u0159ev\u011bn\u00e9 ozn\u00e1men\u00ed na svatbu D\u0159ev\u011bn\u00e9 ozn\u00e1men\u00ed na svatbu je elegantn\u00ed a origin\u00e1ln\u00ed zp\u016fsob, jak pozvat sv\u00e9 bl\u00edzk\u00e9 na jeden z [&hellip;]<\/p>","protected":false},"featured_media":19012,"comment_status":"open","ping_status":"closed","template":"","meta":{"site-sidebar-layout":"default","site-content-layout":"","ast-site-content-layout":"default","site-content-style":"default","site-sidebar-style":"default","ast-global-header-display":"","ast-banner-title-visibility":"","ast-main-header-display":"","ast-hfb-above-header-display":"","ast-hfb-below-header-display":"","ast-hfb-mobile-header-display":"","site-post-title":"","ast-breadcrumbs-content":"","ast-featured-img":"","footer-sml-layout":"","theme-transparent-header-meta":"default","adv-header-id-meta":"","stick-header-meta":"","header-above-stick-meta":"","header-main-stick-meta":"","header-below-stick-meta":"","astra-migrate-meta-layouts":"set","ast-page-background-enabled":"default","ast-page-background-meta":{"desktop":{"background-color":"var(--ast-global-color-4)","background-image":"","background-repeat":"repeat","background-position":"center center","background-size":"auto","background-attachment":"scroll","background-type":"","background-media":"","overlay-type":"","overlay-color":"","overlay-opacity":"","overlay-gradient":""},"tablet":{"background-color":"","background-image":"","background-repeat":"repeat","background-position":"center center","background-size":"auto","background-attachment":"scroll","background-type":"","background-media":"","overlay-type":"","overlay-color":"","overlay-opacity":"","overlay-gradient":""},"mobile":{"background-color":"","background-image":"","background-repeat":"repeat","background-position":"center center","background-size":"auto","background-attachment":"scroll","background-type":"","background-media":"","overlay-type":"","overlay-color":"","overlay-opacity":"","overlay-gradient":""}},"ast-content-background-meta":{"desktop":{"background-color":"var(--ast-global-color-5)","background-image":"","background-repeat":"repeat","background-position":"center center","background-size":"auto","background-attachment":"scroll","background-type":"","background-media":"","overlay-type":"","overlay-color":"","overlay-opacity":"","overlay-gradient":""},"tablet":{"background-color":"var(--ast-global-color-5)","background-image":"","background-repeat":"repeat","background-position":"center center","background-size":"auto","background-attachment":"scroll","background-type":"","background-media":"","overlay-type":"","overlay-color":"","overlay-opacity":"","overlay-gradient":""},"mobile":{"background-color":"var(--ast-global-color-5)","background-image":"","background-repeat":"repeat","background-position":"center center","background-size":"auto","background-attachment":"scroll","background-type":"","background-media":"","overlay-type":"","overlay-color":"","overlay-opacity":"","overlay-gradient":""}},"jetpack_post_was_ever_published":false},"product_brand":[],"product_cat":[558],"product_tag":[],"class_list":{"0":"post-19010","1":"product","2":"type-product","3":"status-publish","4":"has-post-thumbnail","6":"product_cat-svatebni-vyzdoba","7":"desktop-align-left","8":"tablet-align-left","9":"mobile-align-left","11":"first","12":"instock","13":"featured","14":"shipping-taxable","15":"purchasable","16":"product-type-simple"},"jetpack_sharing_enabled":true,"_links":{"self":[{"href":"https:\/\/dekohra.eu\/de\/wp-json\/wp\/v2\/product\/19010","targetHints":{"allow":["GET"]}}],"collection":[{"href":"https:\/\/dekohra.eu\/de\/wp-json\/wp\/v2\/product"}],"about":[{"href":"https:\/\/dekohra.eu\/de\/wp-json\/wp\/v2\/types\/product"}],"replies":[{"embeddable":true,"href":"https:\/\/dekohra.eu\/de\/wp-json\/wp\/v2\/comments?post=19010"}],"wp:featuredmedia":[{"embeddable":true,"href":"https:\/\/dekohra.eu\/de\/wp-json\/wp\/v2\/media\/19012"}],"wp:attachment":[{"href":"https:\/\/dekohra.eu\/de\/wp-json\/wp\/v2\/media?parent=19010"}],"wp:term":[{"taxonomy":"product_brand","embeddable":true,"href":"https:\/\/dekohra.eu\/de\/wp-json\/wp\/v2\/product_brand?post=19010"},{"taxonomy":"product_cat","embeddable":true,"href":"https:\/\/dekohra.eu\/de\/wp-json\/wp\/v2\/product_cat?post=19010"},{"taxonomy":"product_tag","embeddable":true,"href":"https:\/\/dekohra.eu\/de\/wp-json\/wp\/v2\/product_tag?post=19010"}],"curies":[{"name":"wp","href":"https:\/\/api.w.org\/{rel}","templated":true}]}}