{"id":19013,"date":"2026-03-06T13:27:39","date_gmt":"2026-03-06T12:27:39","guid":{"rendered":"https:\/\/dekohra.eu\/?post_type=product&#038;p=19013"},"modified":"2026-04-09T08:24:38","modified_gmt":"2026-04-09T06:24:38","slug":"svatebni-oznameni-s-vlastnim-textem","status":"publish","type":"product","link":"https:\/\/dekohra.eu\/de\/produkt\/svatebni-oznameni-s-vlastnim-textem\/","title":{"rendered":"Hochzeitseinladung aus Holz mit individuellem Text und Umschlag."},"content":{"rendered":"<h1 data-start=\"85\" data-end=\"114\"><strong data-start=\"85\" data-end=\"114\">Hochzeitseinladung aus Holz mit individuellem Text und Umschlag.<\/strong><\/h1>\n<p data-start=\"116\" data-end=\"354\">Eine originelle Hochzeitseinladung aus Holz ist eine wundersch\u00f6ne und unkonventionelle Art, Ihre Lieben zu Ihrem besonderen Tag einzuladen. Die Einladung ist aus hochwertigem Naturholz gefertigt und mit pr\u00e4zisen Lasergravuren zarter Hochzeitsmotive verziert.<\/p>\n<p data-start=\"356\" data-end=\"541\">Jedes St\u00fcck ist personalisiert \u2013 es enth\u00e4lt die Namen des Brautpaares, das Datum und den Ort der Hochzeit. Dadurch ist es nicht nur eine Hochzeitseinladung, sondern auch ein einzigartiges Erinnerungsst\u00fcck f\u00fcr die G\u00e4ste.<\/p>\n<p data-start=\"543\" data-end=\"567\"><strong data-start=\"543\" data-end=\"567\">Produkteigenschaften:<\/strong><\/p>\n<ul data-start=\"569\" data-end=\"795\">\n<li data-start=\"569\" data-end=\"601\">\n<p data-start=\"571\" data-end=\"601\"><strong data-start=\"571\" data-end=\"584\">Material:<\/strong> Naturholz<\/p>\n<\/li>\n<li data-start=\"602\" data-end=\"628\">\n<p data-start=\"604\" data-end=\"628\"><strong data-start=\"604\" data-end=\"615\">Dimension:<\/strong> 10 \u00d7 15 cm<\/p>\n<\/li>\n<li data-start=\"629\" data-end=\"670\">\n<p data-start=\"631\" data-end=\"670\"><strong data-start=\"631\" data-end=\"647\">Technologie:<\/strong> Lasergravur<\/p>\n<\/li>\n<li data-start=\"671\" data-end=\"733\">\n<p data-start=\"673\" data-end=\"733\"><strong data-start=\"673\" data-end=\"691\">Personalisierung:<\/strong> Namen des Brautpaares, Datum und Ort der Hochzeit<\/p>\n<\/li>\n<li data-start=\"734\" data-end=\"795\">\n<p data-start=\"736\" data-end=\"795\"><strong data-start=\"736\" data-end=\"748\">Verwenden:<\/strong> Hochzeitseinladung und ein sch\u00f6nes Erinnerungsst\u00fcck f\u00fcr die G\u00e4ste<\/p>\n<\/li>\n<\/ul>\n<p data-start=\"797\" data-end=\"946\">Hochzeitseinladungen aus Holz werden all jene begeistern, die einen nat\u00fcrlichen Stil und Originalit\u00e4t sch\u00e4tzen und ihre G\u00e4ste auf eine wahrhaft einzigartige Weise zu einer Hochzeit einladen m\u00f6chten.<\/p>\n<h3>Parameter:<\/h3>\n<ul>\n<li><strong>Material:<\/strong> Pappelsperrholz<\/li>\n<li><strong>Produktdicke:\u00a0<\/strong>3 mm<\/li>\n<li><strong>Hersteller:\u00a0<\/strong><a href=\"http:\/\/dekohra.de\/\" target=\"_blank\" rel=\"noopener\">Dekohra.eu<\/a><\/li>\n<li><strong>Kategorie: <\/strong><a href=\"https:\/\/dekohra.eu\/de\/produkt-kategorie\/svatebni-vyzdoba\/\">Hochzeitsdekoration<\/a><\/li>\n<li><strong style=\"font-size: 16px;\">Produktabmessungen: 10 x 15 cm<\/strong><\/li>\n<li><strong>Umschlagabmessungen: 11 x 16 cm<\/strong><\/li>\n<li><strong>Verpackung: 1x wei\u00dfer Umschlag, h\u00f6lzerne Hochzeitseinladung<\/strong><\/li>\n<\/ul>\n<p>&nbsp;<\/p>","protected":false},"excerpt":{"rendered":"<p>D\u0159ev\u011bn\u00e9 svatebn\u00ed ozn\u00e1men\u00ed s vlastn\u00edm textem i ob\u00e1lkou. Origin\u00e1ln\u00ed d\u0159ev\u011bn\u00e9 svatebn\u00ed ozn\u00e1men\u00ed je kr\u00e1sn\u00fdm a netradi\u010dn\u00edm zp\u016fsobem, jak pozvat sv\u00e9 [&hellip;]<\/p>","protected":false},"featured_media":19015,"comment_status":"open","ping_status":"closed","template":"","meta":{"site-sidebar-layout":"default","site-content-layout":"","ast-site-content-layout":"default","site-content-style":"default","site-sidebar-style":"default","ast-global-header-display":"","ast-banner-title-visibility":"","ast-main-header-display":"","ast-hfb-above-header-display":"","ast-hfb-below-header-display":"","ast-hfb-mobile-header-display":"","site-post-title":"","ast-breadcrumbs-content":"","ast-featured-img":"","footer-sml-layout":"","theme-transparent-header-meta":"default","adv-header-id-meta":"","stick-header-meta":"","header-above-stick-meta":"","header-main-stick-meta":"","header-below-stick-meta":"","astra-migrate-meta-layouts":"set","ast-page-background-enabled":"default","ast-page-background-meta":{"desktop":{"background-color":"var(--ast-global-color-4)","background-image":"","background-repeat":"repeat","background-position":"center center","background-size":"auto","background-attachment":"scroll","background-type":"","background-media":"","overlay-type":"","overlay-color":"","overlay-opacity":"","overlay-gradient":""},"tablet":{"background-color":"","background-image":"","background-repeat":"repeat","background-position":"center center","background-size":"auto","background-attachment":"scroll","background-type":"","background-media":"","overlay-type":"","overlay-color":"","overlay-opacity":"","overlay-gradient":""},"mobile":{"background-color":"","background-image":"","background-repeat":"repeat","background-position":"center center","background-size":"auto","background-attachment":"scroll","background-type":"","background-media":"","overlay-type":"","overlay-color":"","overlay-opacity":"","overlay-gradient":""}},"ast-content-background-meta":{"desktop":{"background-color":"var(--ast-global-color-5)","background-image":"","background-repeat":"repeat","background-position":"center center","background-size":"auto","background-attachment":"scroll","background-type":"","background-media":"","overlay-type":"","overlay-color":"","overlay-opacity":"","overlay-gradient":""},"tablet":{"background-color":"var(--ast-global-color-5)","background-image":"","background-repeat":"repeat","background-position":"center center","background-size":"auto","background-attachment":"scroll","background-type":"","background-media":"","overlay-type":"","overlay-color":"","overlay-opacity":"","overlay-gradient":""},"mobile":{"background-color":"var(--ast-global-color-5)","background-image":"","background-repeat":"repeat","background-position":"center center","background-size":"auto","background-attachment":"scroll","background-type":"","background-media":"","overlay-type":"","overlay-color":"","overlay-opacity":"","overlay-gradient":""}},"jetpack_post_was_ever_published":false},"product_brand":[],"product_cat":[558],"product_tag":[],"class_list":{"0":"post-19013","1":"product","2":"type-product","3":"status-publish","4":"has-post-thumbnail","6":"product_cat-svatebni-vyzdoba","7":"desktop-align-left","8":"tablet-align-left","9":"mobile-align-left","11":"first","12":"instock","13":"featured","14":"shipping-taxable","15":"purchasable","16":"product-type-simple"},"jetpack_sharing_enabled":true,"_links":{"self":[{"href":"https:\/\/dekohra.eu\/de\/wp-json\/wp\/v2\/product\/19013","targetHints":{"allow":["GET"]}}],"collection":[{"href":"https:\/\/dekohra.eu\/de\/wp-json\/wp\/v2\/product"}],"about":[{"href":"https:\/\/dekohra.eu\/de\/wp-json\/wp\/v2\/types\/product"}],"replies":[{"embeddable":true,"href":"https:\/\/dekohra.eu\/de\/wp-json\/wp\/v2\/comments?post=19013"}],"wp:featuredmedia":[{"embeddable":true,"href":"https:\/\/dekohra.eu\/de\/wp-json\/wp\/v2\/media\/19015"}],"wp:attachment":[{"href":"https:\/\/dekohra.eu\/de\/wp-json\/wp\/v2\/media?parent=19013"}],"wp:term":[{"taxonomy":"product_brand","embeddable":true,"href":"https:\/\/dekohra.eu\/de\/wp-json\/wp\/v2\/product_brand?post=19013"},{"taxonomy":"product_cat","embeddable":true,"href":"https:\/\/dekohra.eu\/de\/wp-json\/wp\/v2\/product_cat?post=19013"},{"taxonomy":"product_tag","embeddable":true,"href":"https:\/\/dekohra.eu\/de\/wp-json\/wp\/v2\/product_tag?post=19013"}],"curies":[{"name":"wp","href":"https:\/\/api.w.org\/{rel}","templated":true}]}}