{"id":19016,"date":"2026-03-06T13:58:49","date_gmt":"2026-03-06T12:58:49","guid":{"rendered":"https:\/\/dekohra.eu\/?post_type=product&#038;p=19016"},"modified":"2026-04-09T08:33:45","modified_gmt":"2026-04-09T06:33:45","slug":"drevene-svatebni-oznameni-s-gravirovanim","status":"publish","type":"product","link":"https:\/\/dekohra.eu\/de\/produkt\/drevene-svatebni-oznameni-s-gravirovanim\/","title":{"rendered":"Hochzeitseinladung aus Holz mit Gravur und Umschlag"},"content":{"rendered":"<h3 data-section-id=\"f1s9ax\" data-start=\"116\" data-end=\"170\">Hochzeitseinladung aus Holz mit Gravur und Umschlag<\/h3>\n<p data-start=\"172\" data-end=\"317\">Suchen Sie nach einer originellen M\u00f6glichkeit, Ihren gro\u00dfen Tag anzuk\u00fcndigen? Eine Hochzeitseinladung aus Holz ist eine einzigartige und elegante Einladung, die auf den ersten Blick ins Auge f\u00e4llt.<\/p>\n<p data-start=\"319\" data-end=\"529\">Die Ank\u00fcndigung ist aus hochwertigem Pappel-Sperrholz gefertigt und mit pr\u00e4ziser Lasergravur verziert. Zarte Hochzeitsmotive und ein personalisierter Text schaffen eine wundersch\u00f6ne und bleibende Erinnerung an Ihren Hochzeitstag.<\/p>\n<p data-start=\"531\" data-end=\"744\">Jede Einladung wird individuell gestaltet \u2013 sie enth\u00e4lt die Namen des Brautpaares, das Datum und den Ort der Hochzeit. Dank des nat\u00fcrlichen Materials und der sorgf\u00e4ltigen Verarbeitung wird die Einladung auch zu einem stilvollen Erinnerungsst\u00fcck f\u00fcr die G\u00e4ste.<\/p>\n<h3 data-section-id=\"f1s9ax\" data-start=\"116\" data-end=\"170\">Hochzeitseinladung aus Holz mit Gravur und Umschlag<\/h3>\n<p data-start=\"746\" data-end=\"890\">Eine h\u00f6lzerne Einladung ist ideal f\u00fcr Paare, die einen nat\u00fcrlichen Stil und Originalit\u00e4t sch\u00e4tzen und ihre G\u00e4ste auf eine wirklich ungew\u00f6hnliche Weise zu ihrer Hochzeit einladen m\u00f6chten.<\/p>\n<h3 data-section-id=\"17e4n4z\" data-start=\"892\" data-end=\"915\">Produktmerkmale<\/h3>\n<ul data-start=\"916\" data-end=\"1103\">\n<li data-section-id=\"1l1zi5d\" data-start=\"916\" data-end=\"957\">\n<p data-start=\"918\" data-end=\"957\">Material: nat\u00fcrliches Pappel-Sperrholz<\/p>\n<\/li>\n<li data-section-id=\"15fwo1o\" data-start=\"958\" data-end=\"989\">\n<p data-start=\"960\" data-end=\"989\">Ank\u00fcndigungsgr\u00f6\u00dfe: 10 \u00d7 15 cm<\/p>\n<\/li>\n<li data-section-id=\"1y3v00d\" data-start=\"990\" data-end=\"1008\">\n<p data-start=\"992\" data-end=\"1008\">Dicke: 3 mm<\/p>\n<\/li>\n<li data-section-id=\"ejklry\" data-start=\"1009\" data-end=\"1046\">\n<p data-start=\"1011\" data-end=\"1046\">Technologie: Lasergravur<\/p>\n<\/li>\n<li data-section-id=\"1jofad6\" data-start=\"1047\" data-end=\"1103\">\n<p data-start=\"1049\" data-end=\"1103\">Personalisierung: Namen des Brautpaares, Datum und Ort der Hochzeit<\/p>\n<\/li>\n<\/ul>\n<h3 data-section-id=\"1noy7n\" data-start=\"1105\" data-end=\"1118\">Parameter<\/h3>\n<ul>\n<li data-start=\"1119\" data-end=\"1343\">Material: Pappel-Sperrholz<\/li>\n<li data-start=\"1119\" data-end=\"1343\">Produktdicke: 3 mm<\/li>\n<li data-start=\"1119\" data-end=\"1343\">Ank\u00fcndigungsma\u00dfe: 10 \u00d7 15 cm<\/li>\n<li data-start=\"1119\" data-end=\"1343\">Umschlagabmessungen: 11 \u00d7 16 cm<\/li>\n<li data-start=\"1119\" data-end=\"1343\">Verpackung: 1 \u00d7 h\u00f6lzerne Hochzeitseinladung + 1 \u00d7 wei\u00dfer Umschlag<\/li>\n<li data-start=\"1119\" data-end=\"1343\">Hersteller: Dekohra.eu<\/li>\n<li data-start=\"1119\" data-end=\"1343\">Kategorie:<a style=\"font-size: 16px; background-color: #ffffff;\" href=\"https:\/\/dekohra.eu\/de\/produkt-kategorie\/svatebni-vyzdoba\/\"> Hochzeitsdekoration<\/a><\/li>\n<\/ul>","protected":false},"excerpt":{"rendered":"<p>D\u0159ev\u011bn\u00e9 svatebn\u00ed ozn\u00e1men\u00ed s grav\u00edrov\u00e1n\u00edm a ob\u00e1lkou Hled\u00e1te origin\u00e1ln\u00ed zp\u016fsob, jak ozn\u00e1mit sv\u016fj velk\u00fd den? D\u0159ev\u011bn\u00e9 svatebn\u00ed ozn\u00e1men\u00ed je jedine\u010dn\u00e1 [&hellip;]<\/p>","protected":false},"featured_media":19018,"comment_status":"open","ping_status":"closed","template":"","meta":{"site-sidebar-layout":"default","site-content-layout":"","ast-site-content-layout":"default","site-content-style":"default","site-sidebar-style":"default","ast-global-header-display":"","ast-banner-title-visibility":"","ast-main-header-display":"","ast-hfb-above-header-display":"","ast-hfb-below-header-display":"","ast-hfb-mobile-header-display":"","site-post-title":"","ast-breadcrumbs-content":"","ast-featured-img":"","footer-sml-layout":"","theme-transparent-header-meta":"default","adv-header-id-meta":"","stick-header-meta":"","header-above-stick-meta":"","header-main-stick-meta":"","header-below-stick-meta":"","astra-migrate-meta-layouts":"set","ast-page-background-enabled":"default","ast-page-background-meta":{"desktop":{"background-color":"var(--ast-global-color-4)","background-image":"","background-repeat":"repeat","background-position":"center center","background-size":"auto","background-attachment":"scroll","background-type":"","background-media":"","overlay-type":"","overlay-color":"","overlay-opacity":"","overlay-gradient":""},"tablet":{"background-color":"","background-image":"","background-repeat":"repeat","background-position":"center center","background-size":"auto","background-attachment":"scroll","background-type":"","background-media":"","overlay-type":"","overlay-color":"","overlay-opacity":"","overlay-gradient":""},"mobile":{"background-color":"","background-image":"","background-repeat":"repeat","background-position":"center center","background-size":"auto","background-attachment":"scroll","background-type":"","background-media":"","overlay-type":"","overlay-color":"","overlay-opacity":"","overlay-gradient":""}},"ast-content-background-meta":{"desktop":{"background-color":"var(--ast-global-color-5)","background-image":"","background-repeat":"repeat","background-position":"center center","background-size":"auto","background-attachment":"scroll","background-type":"","background-media":"","overlay-type":"","overlay-color":"","overlay-opacity":"","overlay-gradient":""},"tablet":{"background-color":"var(--ast-global-color-5)","background-image":"","background-repeat":"repeat","background-position":"center center","background-size":"auto","background-attachment":"scroll","background-type":"","background-media":"","overlay-type":"","overlay-color":"","overlay-opacity":"","overlay-gradient":""},"mobile":{"background-color":"var(--ast-global-color-5)","background-image":"","background-repeat":"repeat","background-position":"center center","background-size":"auto","background-attachment":"scroll","background-type":"","background-media":"","overlay-type":"","overlay-color":"","overlay-opacity":"","overlay-gradient":""}},"jetpack_post_was_ever_published":false},"product_brand":[],"product_cat":[558],"product_tag":[],"class_list":{"0":"post-19016","1":"product","2":"type-product","3":"status-publish","4":"has-post-thumbnail","6":"product_cat-svatebni-vyzdoba","7":"desktop-align-left","8":"tablet-align-left","9":"mobile-align-left","11":"first","12":"instock","13":"featured","14":"shipping-taxable","15":"purchasable","16":"product-type-simple"},"jetpack_sharing_enabled":true,"_links":{"self":[{"href":"https:\/\/dekohra.eu\/de\/wp-json\/wp\/v2\/product\/19016","targetHints":{"allow":["GET"]}}],"collection":[{"href":"https:\/\/dekohra.eu\/de\/wp-json\/wp\/v2\/product"}],"about":[{"href":"https:\/\/dekohra.eu\/de\/wp-json\/wp\/v2\/types\/product"}],"replies":[{"embeddable":true,"href":"https:\/\/dekohra.eu\/de\/wp-json\/wp\/v2\/comments?post=19016"}],"wp:featuredmedia":[{"embeddable":true,"href":"https:\/\/dekohra.eu\/de\/wp-json\/wp\/v2\/media\/19018"}],"wp:attachment":[{"href":"https:\/\/dekohra.eu\/de\/wp-json\/wp\/v2\/media?parent=19016"}],"wp:term":[{"taxonomy":"product_brand","embeddable":true,"href":"https:\/\/dekohra.eu\/de\/wp-json\/wp\/v2\/product_brand?post=19016"},{"taxonomy":"product_cat","embeddable":true,"href":"https:\/\/dekohra.eu\/de\/wp-json\/wp\/v2\/product_cat?post=19016"},{"taxonomy":"product_tag","embeddable":true,"href":"https:\/\/dekohra.eu\/de\/wp-json\/wp\/v2\/product_tag?post=19016"}],"curies":[{"name":"wp","href":"https:\/\/api.w.org\/{rel}","templated":true}]}}