{"id":19112,"date":"2026-03-23T07:14:53","date_gmt":"2026-03-23T06:14:53","guid":{"rendered":"https:\/\/dekohra.eu\/?post_type=product&#038;p=19112"},"modified":"2026-03-23T08:05:09","modified_gmt":"2026-03-23T07:05:09","slug":"originalni-drevene-obalky-na-penize-2","status":"publish","type":"product","link":"https:\/\/dekohra.eu\/de\/produkt\/originalni-drevene-obalky-na-penize-2\/","title":{"rendered":"Originelle Geldumschl\u00e4ge aus Holz"},"content":{"rendered":"<p><!-- upraveno html4output --><\/p>\n<h2 style=\"text-align: left;\">Originelle Geldumschl\u00e4ge aus Holz.<\/h2>\n<p><strong>Originelle Geldumschl\u00e4ge aus Holz sind ideal f\u00fcr Blumenl\u00e4den, kleinere Gesch\u00e4fte und Boutiquen,<\/strong> die ihren Kunden einzigartige Geschenkverpackungen zu verschiedenen Anl\u00e4ssen wie Geburtstagen, Weihnachten, Feiertagen und anderen Anl\u00e4ssen anbieten m\u00f6chten. <strong>Die Umschl\u00e4ge sind f\u00fcr tschechische Banknoten verschiedener St\u00fcckelungen bestimmt<\/strong> und bieten unterschiedliche Beschriftungsvarianten, wie etwa \u201eIch wei\u00df nicht\u201c oder \u201eAlles Gute\u201c.<\/p>\n<p><strong>Gesch\u00e4ftsvorteile:<\/strong> Floristen und kleine Gesch\u00e4fte k\u00f6nnen in unserem E-Shop Briefumschl\u00e4ge zu einem verg\u00fcnstigten Preis in gro\u00dfen Mengen einkaufen und diese dann zu einem h\u00f6heren Preis weiterverkaufen, w\u00e4hrend Endkunden in unserem E-Shop die Versandkosten sparen.<\/p>\n<p><strong>Verf\u00fcgbarkeit:<\/strong> Produktion und Versand innerhalb von 4 Wochen ab Bestellung.<\/p>\n<h3>Parameter:<\/h3>\n<p><img decoding=\"async\" style=\"float: right;\" src=\"https:\/\/dekohra.eu\/_obchody\/go4874\/prilohy\/4\/img-20240721-090702.jpg.big.jpg\" alt=\"\" width=\"300\" \/><\/p>\n<ul>\n<li><strong>Material:<\/strong> <a href=\"https:\/\/dekohra.eu\/de\/drevovlaknita-deska-3mm-idealni-material-pro-vyrobu-obrazu\/\">Hochdichte Faserplatte<\/a><\/li>\n<li><strong>Produktdicke: <\/strong>3 mm<\/li>\n<li><strong>Hersteller: <\/strong><a href=\"https:\/\/dekohra.eu\/de\/\">Dekohra.eu<\/a><\/li>\n<li><strong style=\"font-size: 16px;\">Abmessungen: <\/strong><span style=\"font-size: 16px;\">9\u00d716,2 cm<\/span><\/li>\n<li><strong>Farbe:<\/strong> Wei\u00df<\/li>\n<\/ul>\n<p><span style=\"text-decoration: underline;\"><strong>Teilen Sie uns die Anforderungen Ihrer Kunden mit und wir pr\u00fcfen, ob diese gegen einen Sonderpreis in die Serienproduktion einbezogen werden k\u00f6nnen.<\/strong><\/span><\/p>","protected":false},"excerpt":{"rendered":"<p>Origin\u00e1ln\u00ed d\u0159ev\u011bn\u00e9 ob\u00e1lky na pen\u00edze. Origin\u00e1ln\u00ed d\u0159ev\u011bn\u00e9 ob\u00e1lky na pen\u00edze\u00a0jsou ide\u00e1ln\u00ed pro kv\u011btin\u00e1\u0159stv\u00ed, men\u0161\u00ed obchody a obch\u016fdky, kter\u00e9 cht\u011bj\u00ed sv\u00fdm [&hellip;]<\/p>","protected":false},"featured_media":3086,"comment_status":"open","ping_status":"closed","template":"","meta":{"site-sidebar-layout":"default","site-content-layout":"","ast-site-content-layout":"default","site-content-style":"default","site-sidebar-style":"default","ast-global-header-display":"","ast-banner-title-visibility":"","ast-main-header-display":"","ast-hfb-above-header-display":"","ast-hfb-below-header-display":"","ast-hfb-mobile-header-display":"","site-post-title":"","ast-breadcrumbs-content":"","ast-featured-img":"","footer-sml-layout":"","theme-transparent-header-meta":"default","adv-header-id-meta":"","stick-header-meta":"","header-above-stick-meta":"","header-main-stick-meta":"","header-below-stick-meta":"","astra-migrate-meta-layouts":"set","ast-page-background-enabled":"default","ast-page-background-meta":{"desktop":{"background-color":"var(--ast-global-color-4)","background-image":"","background-repeat":"repeat","background-position":"center center","background-size":"auto","background-attachment":"scroll","background-type":"","background-media":"","overlay-type":"","overlay-color":"","overlay-opacity":"","overlay-gradient":""},"tablet":{"background-color":"","background-image":"","background-repeat":"repeat","background-position":"center center","background-size":"auto","background-attachment":"scroll","background-type":"","background-media":"","overlay-type":"","overlay-color":"","overlay-opacity":"","overlay-gradient":""},"mobile":{"background-color":"","background-image":"","background-repeat":"repeat","background-position":"center center","background-size":"auto","background-attachment":"scroll","background-type":"","background-media":"","overlay-type":"","overlay-color":"","overlay-opacity":"","overlay-gradient":""}},"ast-content-background-meta":{"desktop":{"background-color":"var(--ast-global-color-5)","background-image":"","background-repeat":"repeat","background-position":"center center","background-size":"auto","background-attachment":"scroll","background-type":"","background-media":"","overlay-type":"","overlay-color":"","overlay-opacity":"","overlay-gradient":""},"tablet":{"background-color":"var(--ast-global-color-5)","background-image":"","background-repeat":"repeat","background-position":"center center","background-size":"auto","background-attachment":"scroll","background-type":"","background-media":"","overlay-type":"","overlay-color":"","overlay-opacity":"","overlay-gradient":""},"mobile":{"background-color":"var(--ast-global-color-5)","background-image":"","background-repeat":"repeat","background-position":"center center","background-size":"auto","background-attachment":"scroll","background-type":"","background-media":"","overlay-type":"","overlay-color":"","overlay-opacity":"","overlay-gradient":""}},"jetpack_post_was_ever_published":false},"product_brand":[],"product_cat":[831],"product_tag":[],"class_list":{"0":"post-19112","1":"product","2":"type-product","3":"status-publish","4":"has-post-thumbnail","6":"product_cat-velkoobchodni-nabidky","7":"pa_rozmery-20001-drevena-obalka-na-penize-nevim","8":"pa_rozmery-20002-drevena-obalka-na-penize-nic","9":"pa_rozmery-20003-drevena-obalka-na-penize-milion","10":"pa_rozmery-20004-drevena-obalka-na-penize-vsechno-nejlepsi","11":"pa_rozmery-20005-drevena-obalka-na-penize-krasne-narozeniny","12":"pa_rozmery-20006-drevene-prani-nevim","13":"pa_rozmery-20007-drevene-prani-nic","14":"pa_rozmery-20008-drevene-prani-emoji","15":"pa_rozmery-20009-drevene-prani-prekvapeni","16":"pa_rozmery-20010-drevene-prani-pranicko","17":"desktop-align-left","18":"tablet-align-left","19":"mobile-align-left","21":"first","22":"instock","23":"shipping-taxable","24":"purchasable","25":"product-type-variable"},"jetpack_sharing_enabled":true,"_links":{"self":[{"href":"https:\/\/dekohra.eu\/de\/wp-json\/wp\/v2\/product\/19112","targetHints":{"allow":["GET"]}}],"collection":[{"href":"https:\/\/dekohra.eu\/de\/wp-json\/wp\/v2\/product"}],"about":[{"href":"https:\/\/dekohra.eu\/de\/wp-json\/wp\/v2\/types\/product"}],"replies":[{"embeddable":true,"href":"https:\/\/dekohra.eu\/de\/wp-json\/wp\/v2\/comments?post=19112"}],"wp:featuredmedia":[{"embeddable":true,"href":"https:\/\/dekohra.eu\/de\/wp-json\/wp\/v2\/media\/3086"}],"wp:attachment":[{"href":"https:\/\/dekohra.eu\/de\/wp-json\/wp\/v2\/media?parent=19112"}],"wp:term":[{"taxonomy":"product_brand","embeddable":true,"href":"https:\/\/dekohra.eu\/de\/wp-json\/wp\/v2\/product_brand?post=19112"},{"taxonomy":"product_cat","embeddable":true,"href":"https:\/\/dekohra.eu\/de\/wp-json\/wp\/v2\/product_cat?post=19112"},{"taxonomy":"product_tag","embeddable":true,"href":"https:\/\/dekohra.eu\/de\/wp-json\/wp\/v2\/product_tag?post=19112"}],"curies":[{"name":"wp","href":"https:\/\/api.w.org\/{rel}","templated":true}]}}