{"id":19248,"date":"2026-03-29T12:57:58","date_gmt":"2026-03-29T10:57:58","guid":{"rendered":"https:\/\/dekohra.eu\/?post_type=product&#038;p=19248"},"modified":"2026-04-03T07:30:56","modified_gmt":"2026-04-03T05:30:56","slug":"drevene-svatebni-jmenovky","status":"publish","type":"product","link":"https:\/\/dekohra.eu\/de\/produkt\/drevene-svatebni-jmenovky\/","title":{"rendered":"Namensschilder aus Holz f\u00fcr Hochzeiten"},"content":{"rendered":"<h2 data-path-to-node=\"2\">Namensschilder aus Holz f\u00fcr Hochzeiten<\/h2>\n<p data-path-to-node=\"3\">Suchen Sie nach einer stilvollen M\u00f6glichkeit, Ihre G\u00e4ste am Tisch zu platzieren und ihnen gleichzeitig pers\u00f6nliche Aufmerksamkeit zu schenken? <b data-path-to-node=\"3\" data-index-in-node=\"91\">Namensschilder aus Holz und Glas<\/b> ist ein originelles und praktisches Accessoire, das den Look Ihrer Hochzeitsfeier sofort aufwertet.<\/p>\n<p data-path-to-node=\"4\">Das Namensschild besteht aus leichtem Material. <b data-path-to-node=\"4\" data-index-in-node=\"29\">Pappelsperrholz<\/b> Pr\u00e4zise lasergeschnitten in eine elegante Form, die sich einfach auf den Glasrand aufstecken l\u00e4sst. Personalisiert mit dem Namen jedes Gastes dient sie nicht nur als Platzkarte, sondern auch als praktisches Erkennungsmerkmal f\u00fcr jedes Glas w\u00e4hrend des Abends.<\/p>\n<p data-path-to-node=\"5\">Jedes Namensschild wird individuell angefertigt \u2013 senden Sie uns einfach eine Namensliste, und wir k\u00fcmmern uns um den Rest. Nat\u00fcrliche Materialien und sorgf\u00e4ltige Verarbeitung machen das Namensschild zu einem echten Hingucker. <b data-path-to-node=\"5\" data-index-in-node=\"149\">personalisiertes Erinnerungsst\u00fcck<\/b>, die Ihre G\u00e4ste gerne als Erinnerung an Ihren gro\u00dfen Tag mit nach Hause nehmen werden.<\/p>\n<h3 data-path-to-node=\"6\"><b data-path-to-node=\"6\" data-index-in-node=\"0\">Warum sollten Sie sich f\u00fcr unsere Namensschilder entscheiden?<\/b><\/h3>\n<p data-path-to-node=\"7\">Namensschilder aus Holz sind ideal f\u00fcr Paare, die ihre Hochzeit farblich abstimmen m\u00f6chten. <b data-path-to-node=\"7\" data-index-in-node=\"61\">nat\u00fcrlicher, Boho- oder rustikaler Stil<\/b>Sie sind leicht, beschweren die Gl\u00e4ser nicht und sehen auf Fotos vom Hochzeitstisch toll aus.<\/p>\n<hr data-path-to-node=\"8\" \/>\n<h3 data-path-to-node=\"9\"><b data-path-to-node=\"9\" data-index-in-node=\"0\">Produktmerkmale<\/b><\/h3>\n<ul data-path-to-node=\"10\">\n<li>\n<p data-path-to-node=\"10,0,0\"><b data-path-to-node=\"10,0,0\" data-index-in-node=\"0\">Material:<\/b> nat\u00fcrliches Pappel-Sperrholz<\/p>\n<\/li>\n<li>\n<p data-path-to-node=\"10,1,0\"><b data-path-to-node=\"10,1,0\" data-index-in-node=\"0\">Dicke:<\/b> 3 mm (leicht, belastet das Glas nicht)<\/p>\n<\/li>\n<li>\n<p data-path-to-node=\"10,2,0\"><b data-path-to-node=\"10,2,0\" data-index-in-node=\"0\">Technologie:<\/b> pr\u00e4zises Laserschneiden und -gravieren<\/p>\n<\/li>\n<li>\n<p data-path-to-node=\"10,3,0\"><b data-path-to-node=\"10,3,0\" data-index-in-node=\"0\">Personalisierung:<\/b> Gastname gem\u00e4\u00df Ihrer Liste<\/p>\n<\/li>\n<li>\n<p data-path-to-node=\"10,4,0\"><b data-path-to-node=\"10,4,0\" data-index-in-node=\"0\">Anhang:<\/b> Spezielle Aussparung f\u00fcr einen stabilen Halt am Glasrand<\/p>\n<\/li>\n<\/ul>\n<h3 data-path-to-node=\"11\"><b data-path-to-node=\"11\" data-index-in-node=\"0\">Parameter<\/b><\/h3>\n<ul data-path-to-node=\"12\">\n<li>\n<p data-path-to-node=\"12,0,0\"><b data-path-to-node=\"12,0,0\" data-index-in-node=\"0\">Material:<\/b> Pappelsperrholz<\/p>\n<\/li>\n<li>\n<p data-path-to-node=\"12,1,0\"><b data-path-to-node=\"12,1,0\" data-index-in-node=\"0\">Produktdicke:<\/b> 3 mm<\/p>\n<\/li>\n<li>\n<p data-path-to-node=\"12,2,0\"><b data-path-to-node=\"12,2,0\" data-index-in-node=\"0\">Abmessungen:<\/b> ca. 8 \u00d7 4 cm (individuell je nach Namensl\u00e4nge)<\/p>\n<\/li>\n<li>\n<p data-path-to-node=\"12,3,0\"><b data-path-to-node=\"12,3,0\" data-index-in-node=\"0\">Hersteller:<\/b> Dekohra.eu<\/p>\n<\/li>\n<li>\n<p data-path-to-node=\"12,4,0\"><b data-path-to-node=\"12,4,0\" data-index-in-node=\"0\">Kategorie:<\/b> Hochzeitsdekorationen \/ Namensschilder<\/p>\n<\/li>\n<\/ul>","protected":false},"excerpt":{"rendered":"<p>D\u0159ev\u011bn\u00e9 svatebn\u00ed jmenovky Hled\u00e1te stylov\u00fd zp\u016fsob, jak usadit hosty k tabuli a z\u00e1rove\u0148 jim v\u011bnovat drobnou pozornost? D\u0159ev\u011bn\u00e9 jmenovky na [&hellip;]<\/p>","protected":false},"featured_media":19251,"comment_status":"open","ping_status":"closed","template":"","meta":{"site-sidebar-layout":"default","site-content-layout":"","ast-site-content-layout":"default","site-content-style":"default","site-sidebar-style":"default","ast-global-header-display":"","ast-banner-title-visibility":"","ast-main-header-display":"","ast-hfb-above-header-display":"","ast-hfb-below-header-display":"","ast-hfb-mobile-header-display":"","site-post-title":"","ast-breadcrumbs-content":"","ast-featured-img":"","footer-sml-layout":"","theme-transparent-header-meta":"default","adv-header-id-meta":"","stick-header-meta":"","header-above-stick-meta":"","header-main-stick-meta":"","header-below-stick-meta":"","astra-migrate-meta-layouts":"set","ast-page-background-enabled":"default","ast-page-background-meta":{"desktop":{"background-color":"var(--ast-global-color-4)","background-image":"","background-repeat":"repeat","background-position":"center center","background-size":"auto","background-attachment":"scroll","background-type":"","background-media":"","overlay-type":"","overlay-color":"","overlay-opacity":"","overlay-gradient":""},"tablet":{"background-color":"","background-image":"","background-repeat":"repeat","background-position":"center center","background-size":"auto","background-attachment":"scroll","background-type":"","background-media":"","overlay-type":"","overlay-color":"","overlay-opacity":"","overlay-gradient":""},"mobile":{"background-color":"","background-image":"","background-repeat":"repeat","background-position":"center center","background-size":"auto","background-attachment":"scroll","background-type":"","background-media":"","overlay-type":"","overlay-color":"","overlay-opacity":"","overlay-gradient":""}},"ast-content-background-meta":{"desktop":{"background-color":"var(--ast-global-color-5)","background-image":"","background-repeat":"repeat","background-position":"center center","background-size":"auto","background-attachment":"scroll","background-type":"","background-media":"","overlay-type":"","overlay-color":"","overlay-opacity":"","overlay-gradient":""},"tablet":{"background-color":"var(--ast-global-color-5)","background-image":"","background-repeat":"repeat","background-position":"center center","background-size":"auto","background-attachment":"scroll","background-type":"","background-media":"","overlay-type":"","overlay-color":"","overlay-opacity":"","overlay-gradient":""},"mobile":{"background-color":"var(--ast-global-color-5)","background-image":"","background-repeat":"repeat","background-position":"center center","background-size":"auto","background-attachment":"scroll","background-type":"","background-media":"","overlay-type":"","overlay-color":"","overlay-opacity":"","overlay-gradient":""}},"jetpack_post_was_ever_published":false},"product_brand":[],"product_cat":[558],"product_tag":[],"class_list":{"0":"post-19248","1":"product","2":"type-product","3":"status-publish","4":"has-post-thumbnail","6":"product_cat-svatebni-vyzdoba","7":"desktop-align-left","8":"tablet-align-left","9":"mobile-align-left","11":"first","12":"instock","13":"featured","14":"shipping-taxable","15":"purchasable","16":"product-type-simple"},"jetpack_sharing_enabled":true,"_links":{"self":[{"href":"https:\/\/dekohra.eu\/de\/wp-json\/wp\/v2\/product\/19248","targetHints":{"allow":["GET"]}}],"collection":[{"href":"https:\/\/dekohra.eu\/de\/wp-json\/wp\/v2\/product"}],"about":[{"href":"https:\/\/dekohra.eu\/de\/wp-json\/wp\/v2\/types\/product"}],"replies":[{"embeddable":true,"href":"https:\/\/dekohra.eu\/de\/wp-json\/wp\/v2\/comments?post=19248"}],"wp:featuredmedia":[{"embeddable":true,"href":"https:\/\/dekohra.eu\/de\/wp-json\/wp\/v2\/media\/19251"}],"wp:attachment":[{"href":"https:\/\/dekohra.eu\/de\/wp-json\/wp\/v2\/media?parent=19248"}],"wp:term":[{"taxonomy":"product_brand","embeddable":true,"href":"https:\/\/dekohra.eu\/de\/wp-json\/wp\/v2\/product_brand?post=19248"},{"taxonomy":"product_cat","embeddable":true,"href":"https:\/\/dekohra.eu\/de\/wp-json\/wp\/v2\/product_cat?post=19248"},{"taxonomy":"product_tag","embeddable":true,"href":"https:\/\/dekohra.eu\/de\/wp-json\/wp\/v2\/product_tag?post=19248"}],"curies":[{"name":"wp","href":"https:\/\/api.w.org\/{rel}","templated":true}]}}