{"id":19516,"date":"2026-04-09T13:49:33","date_gmt":"2026-04-09T11:49:33","guid":{"rendered":"https:\/\/dekohra.eu\/?post_type=product&#038;p=19516"},"modified":"2026-04-09T14:20:56","modified_gmt":"2026-04-09T12:20:56","slug":"podtacky-na-miru","status":"publish","type":"product","link":"https:\/\/dekohra.eu\/de\/produkt\/podtacky-na-miru\/","title":{"rendered":"Individuell gestaltete Untersetzer"},"content":{"rendered":"<h1 data-start=\"106\" data-end=\"149\"><strong data-start=\"106\" data-end=\"149\">Individuell gestaltete Untersetzer<\/strong><\/h1>\n<p data-start=\"106\" data-end=\"149\"><strong data-start=\"106\" data-end=\"149\">Individuelle Untersetzer f\u00fcr jeden Anlass<\/strong><\/p>\n<p data-start=\"151\" data-end=\"396\">Personalisierte Untersetzer sind eine originelle Dekoration, die sich nicht nur f\u00fcr Firmenveranstaltungen, sondern auch f\u00fcr Hochzeiten, Feiern, Partys oder andere besondere Anl\u00e4sse eignet. Bestellen Sie unsere Untersetzer mit Ihrem Wunschtext und gestalten Sie ein einzigartiges Accessoire ganz nach Ihren Vorstellungen.<\/p>\n<p data-start=\"398\" data-end=\"631\">Wir fertigen Untersetzer in verschiedenen Mengen ganz nach Ihren W\u00fcnschen. Jeder Untersetzer misst 10 \u00d7 10 cm und kann mit Ihrem individuellen Text, Logo oder Motiv gestaltet werden. Sie erg\u00e4nzen perfekt sowohl die professionelle Pr\u00e4sentation Ihres Unternehmens als auch die pers\u00f6nliche Atmosph\u00e4re Ihrer Veranstaltung.<\/p>\n<p data-start=\"633\" data-end=\"729\">Nutzen Sie diese einmalige Gelegenheit und dekorieren Sie Ihre Veranstaltung mit au\u00dfergew\u00f6hnlichen Untersetzern mit Ihrer eigenen Aufschrift!<\/p>\n<p data-start=\"731\" data-end=\"870\"><strong data-start=\"731\" data-end=\"753\">Hochwertige Materialien<\/strong><br data-start=\"753\" data-end=\"756\" \/>Die Dekoration besteht aus hochwertiger 3 mm starker Faserplatte, die Stabilit\u00e4t und Haltbarkeit gew\u00e4hrleistet.<\/p>\n<p data-start=\"872\" data-end=\"1031\">Die Dekoration besticht durch Liebe zum Detail und hohe \u00c4sthetik. Moderne Lasergravur garantiert ein pr\u00e4zises und elegantes Design, das sich harmonisch in jedes Interieur einf\u00fcgt.<\/p>\n<h3>Parameter:<\/h3>\n<ul>\n<li><strong>Material:<\/strong>\u00a0<a href=\"https:\/\/dekohra.eu\/de\/drevovlaknita-deska-3mm-idealni-material-pro-vyrobu-obrazu\/\">Faserplatte, einseitig lackiert<\/a><\/li>\n<li><strong>Produktdicke:\u00a0<\/strong>3 mm<\/li>\n<li><strong>Hersteller:\u00a0<\/strong><a href=\"http:\/\/dekohra.de\/\" target=\"_blank\" rel=\"noopener\">Dekohra.eu<\/a><\/li>\n<li><strong>Kategorie:<\/strong> <a href=\"https:\/\/dekohra.eu\/de\/produkt-kategorie\/svatebni-vyzdoba\/\">Hochzeitsdekoration<\/a>, <a href=\"https:\/\/dekohra.eu\/de\/produkt-kategorie\/vyroba-na-zakazku\/logo-firmy-a-firemni-darky\/\">Logo und Firmengeschenke<\/a><\/li>\n<li><strong>Technologie:\u00a0<\/strong><a href=\"https:\/\/dekohra.eu\/de\/moderni-laserova-technologie-rezani-a-gravirovani\/\">Moderne Laserschneidtechnologie<\/a><\/li>\n<li><strong>Produktabmessungen:\u00a0<\/strong>10x10cm<\/li>\n<\/ul>\n<p>Haben Sie Interesse an Untersetzern mit Ihrem eigenen Logo? Erstellen Sie eine Bestellung und senden Sie uns anschlie\u00dfend das Logo per E-Mail. <a class=\"decorated-link cursor-pointer\" rel=\"noopener\" data-start=\"148\" data-end=\"163\">info@dekohla.eu<\/a> zusammen mit der Bestellnummer.<\/p>","protected":false},"excerpt":{"rendered":"<p>Podt\u00e1cky na m\u00edru Podt\u00e1cky na m\u00edru pro ka\u017edou p\u0159\u00edle\u017eitost Podt\u00e1cky na m\u00edru jsou origin\u00e1ln\u00ed dekorac\u00ed, kter\u00e1 se hod\u00ed nejen pro [&hellip;]<\/p>","protected":false},"featured_media":19531,"comment_status":"open","ping_status":"closed","template":"","meta":{"site-sidebar-layout":"default","site-content-layout":"","ast-site-content-layout":"default","site-content-style":"default","site-sidebar-style":"default","ast-global-header-display":"","ast-banner-title-visibility":"","ast-main-header-display":"","ast-hfb-above-header-display":"","ast-hfb-below-header-display":"","ast-hfb-mobile-header-display":"","site-post-title":"","ast-breadcrumbs-content":"","ast-featured-img":"","footer-sml-layout":"","theme-transparent-header-meta":"default","adv-header-id-meta":"","stick-header-meta":"","header-above-stick-meta":"","header-main-stick-meta":"","header-below-stick-meta":"","astra-migrate-meta-layouts":"set","ast-page-background-enabled":"default","ast-page-background-meta":{"desktop":{"background-color":"var(--ast-global-color-4)","background-image":"","background-repeat":"repeat","background-position":"center center","background-size":"auto","background-attachment":"scroll","background-type":"","background-media":"","overlay-type":"","overlay-color":"","overlay-opacity":"","overlay-gradient":""},"tablet":{"background-color":"","background-image":"","background-repeat":"repeat","background-position":"center center","background-size":"auto","background-attachment":"scroll","background-type":"","background-media":"","overlay-type":"","overlay-color":"","overlay-opacity":"","overlay-gradient":""},"mobile":{"background-color":"","background-image":"","background-repeat":"repeat","background-position":"center center","background-size":"auto","background-attachment":"scroll","background-type":"","background-media":"","overlay-type":"","overlay-color":"","overlay-opacity":"","overlay-gradient":""}},"ast-content-background-meta":{"desktop":{"background-color":"var(--ast-global-color-5)","background-image":"","background-repeat":"repeat","background-position":"center center","background-size":"auto","background-attachment":"scroll","background-type":"","background-media":"","overlay-type":"","overlay-color":"","overlay-opacity":"","overlay-gradient":""},"tablet":{"background-color":"var(--ast-global-color-5)","background-image":"","background-repeat":"repeat","background-position":"center center","background-size":"auto","background-attachment":"scroll","background-type":"","background-media":"","overlay-type":"","overlay-color":"","overlay-opacity":"","overlay-gradient":""},"mobile":{"background-color":"var(--ast-global-color-5)","background-image":"","background-repeat":"repeat","background-position":"center center","background-size":"auto","background-attachment":"scroll","background-type":"","background-media":"","overlay-type":"","overlay-color":"","overlay-opacity":"","overlay-gradient":""}},"jetpack_post_was_ever_published":false},"product_brand":[],"product_cat":[877,571,573,570,558],"product_tag":[],"class_list":{"0":"post-19516","1":"product","2":"type-product","3":"status-publish","4":"has-post-thumbnail","6":"product_cat-darky-pro-ucitele","7":"product_cat-darky-pro-muze","8":"product_cat-darky-pro-zeny","9":"product_cat-reklamni-predmety-a-firemni-darky","10":"product_cat-svatebni-vyzdoba","11":"pa_barva-cerna","12":"pa_barva-antracit","13":"pa_barva-bila","14":"pa_barva-cervena","15":"pa_barva-fialova","16":"pa_barva-modra","17":"pa_barva-oranzova","18":"pa_barva-orech","19":"pa_barva-ruzova","20":"pa_barva-topolova-preklizka","21":"pa_barva-zelena","22":"pa_barva-zluta","23":"desktop-align-left","24":"tablet-align-left","25":"mobile-align-left","27":"first","28":"instock","29":"shipping-taxable","30":"purchasable","31":"product-type-variable"},"jetpack_sharing_enabled":true,"_links":{"self":[{"href":"https:\/\/dekohra.eu\/de\/wp-json\/wp\/v2\/product\/19516","targetHints":{"allow":["GET"]}}],"collection":[{"href":"https:\/\/dekohra.eu\/de\/wp-json\/wp\/v2\/product"}],"about":[{"href":"https:\/\/dekohra.eu\/de\/wp-json\/wp\/v2\/types\/product"}],"replies":[{"embeddable":true,"href":"https:\/\/dekohra.eu\/de\/wp-json\/wp\/v2\/comments?post=19516"}],"wp:featuredmedia":[{"embeddable":true,"href":"https:\/\/dekohra.eu\/de\/wp-json\/wp\/v2\/media\/19531"}],"wp:attachment":[{"href":"https:\/\/dekohra.eu\/de\/wp-json\/wp\/v2\/media?parent=19516"}],"wp:term":[{"taxonomy":"product_brand","embeddable":true,"href":"https:\/\/dekohra.eu\/de\/wp-json\/wp\/v2\/product_brand?post=19516"},{"taxonomy":"product_cat","embeddable":true,"href":"https:\/\/dekohra.eu\/de\/wp-json\/wp\/v2\/product_cat?post=19516"},{"taxonomy":"product_tag","embeddable":true,"href":"https:\/\/dekohra.eu\/de\/wp-json\/wp\/v2\/product_tag?post=19516"}],"curies":[{"name":"wp","href":"https:\/\/api.w.org\/{rel}","templated":true}]}}