{"id":19772,"date":"2026-05-06T14:34:25","date_gmt":"2026-05-06T12:34:25","guid":{"rendered":"https:\/\/dekohra.eu\/?post_type=product&#038;p=19772"},"modified":"2026-05-06T16:06:46","modified_gmt":"2026-05-06T14:06:46","slug":"darek-pro-pani-ucitelku-drevena-medaile-pro-ucitele","status":"publish","type":"product","link":"https:\/\/dekohra.eu\/de\/produkt\/darek-pro-pani-ucitelku-drevena-medaile-pro-ucitele\/","title":{"rendered":"Geschenk f\u00fcr Lehrer \u2013 Holzmedaille f\u00fcr Lehrer"},"content":{"rendered":"<p><!-- upraveno html4output --><\/p>\n<h1 data-start=\"51\" data-end=\"118\">Geschenk f\u00fcr Lehrer \u2013 Holzmedaille f\u00fcr Lehrer<\/h1>\n<p data-start=\"120\" data-end=\"385\">Geschenk f\u00fcr Lehrer \u2013 Eine Holzmedaille ist eine wunderbare Geste des Dankes und der Wertsch\u00e4tzung f\u00fcr Lehrer. Sie ist aus hochwertigem Pappelholz gefertigt und wird dank ihrer nat\u00fcrlichen Optik jeden Lehrer begeistern. Ideal als sch\u00f6nes Geschenk zum Schuljahresende.<\/p>\n<ul>\n<li><strong>Abmessungen:<\/strong> 11 cm H\u00f6he, 10 cm Breite.<\/li>\n<li><strong>Material:<\/strong> Pappelsperrholz<\/li>\n<li><strong>Option f\u00fcr benutzerdefinierten Text<\/strong><\/li>\n<\/ul>\n<h3 data-start=\"463\" data-end=\"494\">\ud83c\udf81 Warum dieses Geschenk w\u00e4hlen?<\/h3>\n<p data-start=\"496\" data-end=\"614\"><span class=\"relative -mx-px my-[-0.2rem] rounded px-px py-[0.2rem] transition-colors duration-100 ease-in-out\">Diese Holzdekoration ist nicht nur \u00e4sthetisch ansprechend, sondern auch praktisch und langlebig.<\/span> <span class=\"relative -mx-px my-[-0.2rem] rounded px-px py-[0.2rem] transition-colors duration-100 ease-in-out\">\u00a0Es dr\u00fcckt Dankbarkeit und Wertsch\u00e4tzung aus und ist somit das perfekte Geschenk zum Schuljahresende, zum Geburtstag oder als Dankesch\u00f6n f\u00fcr Ihre F\u00fcrsorge und Geduld.<\/span><\/p>\n<h1 data-start=\"51\" data-end=\"118\">Geschenk f\u00fcr Lehrer \u2013 Holzmedaille f\u00fcr Lehrer<\/h1>\n<h4 data-start=\"380\" data-end=\"396\">Merkmale:<\/h4>\n<ul data-start=\"397\" data-end=\"750\">\n<li data-start=\"397\" data-end=\"459\">\n<p data-start=\"399\" data-end=\"459\"><strong data-start=\"399\" data-end=\"412\">Material:<\/strong> hochwertiges Pappelsperrholz<\/p>\n<\/li>\n<li data-start=\"460\" data-end=\"512\">\n<p data-start=\"462\" data-end=\"512\"><strong data-start=\"462\" data-end=\"473\">Durchmesser:<\/strong> ca. 10 cm<\/p>\n<\/li>\n<li data-start=\"513\" data-end=\"541\">\n<p data-start=\"515\" data-end=\"541\"><strong data-start=\"515\" data-end=\"528\">Dicke:<\/strong> 3 mm<\/p>\n<\/li>\n<li data-start=\"542\" data-end=\"594\">\n<p data-start=\"544\" data-end=\"594\"><strong data-start=\"544\" data-end=\"554\">Scharnier:<\/strong> Band oder Schnur (im Lieferumfang enthalten), andere Bandfarben auf Anfrage erh\u00e4ltlich.<\/p>\n<\/li>\n<li data-start=\"595\" data-end=\"666\">\n<p data-start=\"597\" data-end=\"666\"><strong data-start=\"597\" data-end=\"618\">Oberfl\u00e4chenbehandlung:<\/strong> fein geschliffen, nat\u00fcrliche Optik<\/p>\n<\/li>\n<li data-start=\"667\" data-end=\"750\">\n<p data-start=\"669\" data-end=\"750\"><strong data-start=\"669\" data-end=\"685\">Gravur:<\/strong> Laser \u2013 M\u00f6glichkeit zum Aufbringen von individuellem Text, Logo, Platznummer oder Motiv<\/p>\n<\/li>\n<\/ul>\n<hr data-start=\"1055\" data-end=\"1058\" \/>\n<p data-start=\"1060\" data-end=\"1181\"><br data-start=\"1111\" data-end=\"1114\" \/><b>Lieferung innerhalb von 3 Tagen nach Bestellung.\u00a0<\/b><\/p>\n<p>&nbsp;<\/p>\n<h3>Parameter:<\/h3>\n<ul>\n<li><strong>Material:<\/strong> Pappelsperrholz<\/li>\n<li><strong>Verpackung:<\/strong> 1 Holzmedaille, Dekoration inklusive Band<\/li>\n<li><strong>Produktdicke:\u00a0<\/strong>3 mm<\/li>\n<li><strong>Hersteller:\u00a0<\/strong><a href=\"http:\/\/dekohra.de\/\" target=\"_blank\" rel=\"noopener\">Dekohra.eu<\/a><\/li>\n<li><strong>Kategorie:<\/strong> <a href=\"https:\/\/dekohra.eu\/de\/produkt-kategorie\/darky\/darky-pro-ucitele\/\">Geschenke f\u00fcr Lehrer<\/a><\/li>\n<\/ul>\n<p>&nbsp;<\/p>\n<p>&nbsp;<\/p>\n<p><a href=\"https:\/\/dekohra.eu\/de\/clanek\/velikost-drevenych-obrazu-prakticky-pruvodce\/\"><img decoding=\"async\" src=\"https:\/\/dekohra.eu\/_obchody\/go4874\/prilohy\/4\/vyber-velikosti.jpg.big.jpg\" alt=\"\" width=\"400\" \/><\/a><\/p>\n<p>&nbsp;<\/p>","protected":false},"excerpt":{"rendered":"<p>D\u00e1rek pro pan\u00ed u\u010ditelku &#8211; D\u0159ev\u011bn\u00e1 medaile pro u\u010ditele D\u00e1rek pro pan\u00ed u\u010ditelku &#8211; D\u0159ev\u011bn\u00e1 medaile pro u\u010ditele je skv\u011bl\u00fdm [&hellip;]<\/p>","protected":false},"featured_media":19775,"comment_status":"open","ping_status":"closed","template":"","meta":{"site-sidebar-layout":"default","site-content-layout":"","ast-site-content-layout":"default","site-content-style":"default","site-sidebar-style":"default","ast-global-header-display":"","ast-banner-title-visibility":"","ast-main-header-display":"","ast-hfb-above-header-display":"","ast-hfb-below-header-display":"","ast-hfb-mobile-header-display":"","site-post-title":"","ast-breadcrumbs-content":"","ast-featured-img":"","footer-sml-layout":"","theme-transparent-header-meta":"default","adv-header-id-meta":"","stick-header-meta":"","header-above-stick-meta":"","header-main-stick-meta":"","header-below-stick-meta":"","astra-migrate-meta-layouts":"set","ast-page-background-enabled":"default","ast-page-background-meta":{"desktop":{"background-color":"var(--ast-global-color-4)","background-image":"","background-repeat":"repeat","background-position":"center center","background-size":"auto","background-attachment":"scroll","background-type":"","background-media":"","overlay-type":"","overlay-color":"","overlay-opacity":"","overlay-gradient":""},"tablet":{"background-color":"","background-image":"","background-repeat":"repeat","background-position":"center center","background-size":"auto","background-attachment":"scroll","background-type":"","background-media":"","overlay-type":"","overlay-color":"","overlay-opacity":"","overlay-gradient":""},"mobile":{"background-color":"","background-image":"","background-repeat":"repeat","background-position":"center center","background-size":"auto","background-attachment":"scroll","background-type":"","background-media":"","overlay-type":"","overlay-color":"","overlay-opacity":"","overlay-gradient":""}},"ast-content-background-meta":{"desktop":{"background-color":"var(--ast-global-color-5)","background-image":"","background-repeat":"repeat","background-position":"center center","background-size":"auto","background-attachment":"scroll","background-type":"","background-media":"","overlay-type":"","overlay-color":"","overlay-opacity":"","overlay-gradient":""},"tablet":{"background-color":"var(--ast-global-color-5)","background-image":"","background-repeat":"repeat","background-position":"center center","background-size":"auto","background-attachment":"scroll","background-type":"","background-media":"","overlay-type":"","overlay-color":"","overlay-opacity":"","overlay-gradient":""},"mobile":{"background-color":"var(--ast-global-color-5)","background-image":"","background-repeat":"repeat","background-position":"center center","background-size":"auto","background-attachment":"scroll","background-type":"","background-media":"","overlay-type":"","overlay-color":"","overlay-opacity":"","overlay-gradient":""}},"jetpack_post_was_ever_published":false},"product_brand":[],"product_cat":[552,877],"product_tag":[],"class_list":{"0":"post-19772","1":"product","2":"type-product","3":"status-publish","4":"has-post-thumbnail","6":"product_cat-darky-pro-sportovce","7":"product_cat-darky-pro-ucitele","8":"pa_barva-cerna","9":"pa_barva-antracit","10":"pa_barva-bila","11":"pa_barva-cervena","12":"pa_barva-fialova","13":"pa_barva-modra","14":"pa_barva-oranzova","15":"pa_barva-orech","16":"pa_barva-ruzova","17":"pa_barva-zelena","18":"pa_barva-zluta","19":"pa_rozmery-30x11-cm","20":"pa_rozmery-45x17-cm","21":"pa_rozmery-60x22-cm","22":"desktop-align-left","23":"tablet-align-left","24":"mobile-align-left","26":"first","27":"instock","28":"shipping-taxable","29":"purchasable","30":"product-type-simple"},"jetpack_sharing_enabled":true,"_links":{"self":[{"href":"https:\/\/dekohra.eu\/de\/wp-json\/wp\/v2\/product\/19772","targetHints":{"allow":["GET"]}}],"collection":[{"href":"https:\/\/dekohra.eu\/de\/wp-json\/wp\/v2\/product"}],"about":[{"href":"https:\/\/dekohra.eu\/de\/wp-json\/wp\/v2\/types\/product"}],"replies":[{"embeddable":true,"href":"https:\/\/dekohra.eu\/de\/wp-json\/wp\/v2\/comments?post=19772"}],"wp:featuredmedia":[{"embeddable":true,"href":"https:\/\/dekohra.eu\/de\/wp-json\/wp\/v2\/media\/19775"}],"wp:attachment":[{"href":"https:\/\/dekohra.eu\/de\/wp-json\/wp\/v2\/media?parent=19772"}],"wp:term":[{"taxonomy":"product_brand","embeddable":true,"href":"https:\/\/dekohra.eu\/de\/wp-json\/wp\/v2\/product_brand?post=19772"},{"taxonomy":"product_cat","embeddable":true,"href":"https:\/\/dekohra.eu\/de\/wp-json\/wp\/v2\/product_cat?post=19772"},{"taxonomy":"product_tag","embeddable":true,"href":"https:\/\/dekohra.eu\/de\/wp-json\/wp\/v2\/product_tag?post=19772"}],"curies":[{"name":"wp","href":"https:\/\/api.w.org\/{rel}","templated":true}]}}