{"id":19821,"date":"2026-05-14T09:54:52","date_gmt":"2026-05-14T07:54:52","guid":{"rendered":"https:\/\/dekohra.eu\/?post_type=product&#038;p=19821"},"modified":"2026-05-14T10:07:54","modified_gmt":"2026-05-14T08:07:54","slug":"darek-pro-ucitele-na-konci-skolniho-roku","status":"publish","type":"product","link":"https:\/\/dekohra.eu\/de\/produkt\/darek-pro-ucitele-na-konci-skolniho-roku\/","title":{"rendered":"Geschenk f\u00fcr Lehrer zum Ende des Schuljahres"},"content":{"rendered":"<div class=\"flex flex-grow flex-col max-w-full\">\n<div class=\"min-h-[20px] text-message flex flex-col items-start whitespace-pre-wrap break-words [.text-message+&amp;]:mt-5 juice:w-full juice:items-end overflow-x-auto gap-2\" dir=\"auto\" data-message-author-role=\"assistant\" data-message-id=\"8ad4f04d-4099-4406-86f4-005018bc1eed\">\n<div class=\"flex w-full flex-col gap-1 juice:empty:hidden juice:first:pt-[3px]\">\n<div class=\"markdown prose w-full break-words dark:prose-invert light\">\n<div class=\"flex flex-grow flex-col max-w-full\">\n<div class=\"min-h-[20px] text-message flex flex-col items-start whitespace-pre-wrap break-words [.text-message+&amp;]:mt-5 juice:w-full juice:items-end overflow-x-auto gap-2\" dir=\"auto\" data-message-author-role=\"assistant\" data-message-id=\"8ad4f04d-4099-4406-86f4-005018bc1eed\">\n<div class=\"flex w-full flex-col gap-1 juice:empty:hidden juice:first:pt-[3px]\">\n<h2 data-start=\"0\" data-end=\"44\"><strong data-start=\"0\" data-end=\"44\">Geschenk f\u00fcr Lehrer zum Ende des Schuljahres<\/strong><\/h2>\n<p data-start=\"46\" data-end=\"368\">Ein originell graviertes Holzlineal als liebevolles Dankesch\u00f6n an Lehrerinnen und Lehrer, die uns nicht nur Wissen, sondern auch gemeinsame Fortschritte vermittelt haben. Das elegante Design mit zarten Naturmotiven schafft eine sch\u00f6ne Erinnerung an das gemeinsam verbrachte Schuljahr. Ein praktisches und zugleich pers\u00f6nliches Geschenk, das jede Lehrkraft begeistern wird.<\/p>\n<p data-start=\"370\" data-end=\"543\">\ud83d\udccf Gr\u00f6\u00dfe: 15 cm<br data-start=\"386\" data-end=\"389\" \/>\ud83c\udf3f Material: Naturholz<br data-start=\"416\" data-end=\"419\" \/>\u2728 Pr\u00e4zisions-Lasergravur<br data-start=\"450\" data-end=\"453\" \/>\ud83c\udf81 Ein ideales Geschenk zum Schuljahresende, zum Abschied von der Klasse oder als Dankesch\u00f6n von Sch\u00fclern<\/p>\n<p data-start=\"545\" data-end=\"575\">M\u00f6glichkeit zur Bearbeitung des Textes auf Anfrage.<\/p>\n<p data-start=\"577\" data-end=\"777\" data-is-last-node=\"\" data-is-only-node=\"\"><strong data-start=\"577\" data-end=\"591\">Parameter:<\/strong><br data-start=\"591\" data-end=\"594\" \/>Material: Pappelsperrholz<br data-start=\"622\" data-end=\"625\" \/>Produktdicke: 3 mm<br data-start=\"647\" data-end=\"650\" \/>Hersteller: Dekohra.eu<br data-start=\"669\" data-end=\"672\" \/>Kategorie: Geschenke f\u00fcr Lehrer<br data-start=\"700\" data-end=\"703\" \/>Technologie: Moderne Lasergravurtechnologie<br data-start=\"756\" data-end=\"759\" \/>Abmessungen: 15 \u00d7 4 cm<\/p>\n<\/div>\n<\/div>\n<\/div>\n<\/div>\n<\/div>\n<\/div>\n<\/div>","protected":false},"excerpt":{"rendered":"<p>D\u00e1rek pro u\u010ditele na konci \u0161koln\u00edho roku Origin\u00e1ln\u00ed grav\u00edrovan\u00e9 d\u0159ev\u011bn\u00e9 prav\u00edtko jako mil\u00e9 pod\u011bkov\u00e1n\u00ed pro u\u010ditele, kte\u0159\u00ed s n\u00e1mi sd\u00edlej\u00ed [&hellip;]<\/p>","protected":false},"featured_media":19822,"comment_status":"open","ping_status":"closed","template":"","meta":{"site-sidebar-layout":"default","site-content-layout":"","ast-site-content-layout":"default","site-content-style":"default","site-sidebar-style":"default","ast-global-header-display":"","ast-banner-title-visibility":"","ast-main-header-display":"","ast-hfb-above-header-display":"","ast-hfb-below-header-display":"","ast-hfb-mobile-header-display":"","site-post-title":"","ast-breadcrumbs-content":"","ast-featured-img":"","footer-sml-layout":"","theme-transparent-header-meta":"default","adv-header-id-meta":"","stick-header-meta":"","header-above-stick-meta":"","header-main-stick-meta":"","header-below-stick-meta":"","astra-migrate-meta-layouts":"set","ast-page-background-enabled":"default","ast-page-background-meta":{"desktop":{"background-color":"var(--ast-global-color-4)","background-image":"","background-repeat":"repeat","background-position":"center center","background-size":"auto","background-attachment":"scroll","background-type":"","background-media":"","overlay-type":"","overlay-color":"","overlay-opacity":"","overlay-gradient":""},"tablet":{"background-color":"","background-image":"","background-repeat":"repeat","background-position":"center center","background-size":"auto","background-attachment":"scroll","background-type":"","background-media":"","overlay-type":"","overlay-color":"","overlay-opacity":"","overlay-gradient":""},"mobile":{"background-color":"","background-image":"","background-repeat":"repeat","background-position":"center center","background-size":"auto","background-attachment":"scroll","background-type":"","background-media":"","overlay-type":"","overlay-color":"","overlay-opacity":"","overlay-gradient":""}},"ast-content-background-meta":{"desktop":{"background-color":"var(--ast-global-color-5)","background-image":"","background-repeat":"repeat","background-position":"center center","background-size":"auto","background-attachment":"scroll","background-type":"","background-media":"","overlay-type":"","overlay-color":"","overlay-opacity":"","overlay-gradient":""},"tablet":{"background-color":"var(--ast-global-color-5)","background-image":"","background-repeat":"repeat","background-position":"center center","background-size":"auto","background-attachment":"scroll","background-type":"","background-media":"","overlay-type":"","overlay-color":"","overlay-opacity":"","overlay-gradient":""},"mobile":{"background-color":"var(--ast-global-color-5)","background-image":"","background-repeat":"repeat","background-position":"center center","background-size":"auto","background-attachment":"scroll","background-type":"","background-media":"","overlay-type":"","overlay-color":"","overlay-opacity":"","overlay-gradient":""}},"jetpack_post_was_ever_published":false},"product_brand":[],"product_cat":[877],"product_tag":[],"class_list":{"0":"post-19821","1":"product","2":"type-product","3":"status-publish","4":"has-post-thumbnail","6":"product_cat-darky-pro-ucitele","7":"pa_rozmery-16x24-cm","8":"pa_rozmery-20x30-cm","9":"pa_rozmery-40x60-cm","10":"pa_rozmery-50x75-cm","11":"desktop-align-left","12":"tablet-align-left","13":"mobile-align-left","15":"first","16":"instock","17":"shipping-taxable","18":"purchasable","19":"product-type-simple"},"jetpack_sharing_enabled":true,"_links":{"self":[{"href":"https:\/\/dekohra.eu\/de\/wp-json\/wp\/v2\/product\/19821","targetHints":{"allow":["GET"]}}],"collection":[{"href":"https:\/\/dekohra.eu\/de\/wp-json\/wp\/v2\/product"}],"about":[{"href":"https:\/\/dekohra.eu\/de\/wp-json\/wp\/v2\/types\/product"}],"replies":[{"embeddable":true,"href":"https:\/\/dekohra.eu\/de\/wp-json\/wp\/v2\/comments?post=19821"}],"wp:featuredmedia":[{"embeddable":true,"href":"https:\/\/dekohra.eu\/de\/wp-json\/wp\/v2\/media\/19822"}],"wp:attachment":[{"href":"https:\/\/dekohra.eu\/de\/wp-json\/wp\/v2\/media?parent=19821"}],"wp:term":[{"taxonomy":"product_brand","embeddable":true,"href":"https:\/\/dekohra.eu\/de\/wp-json\/wp\/v2\/product_brand?post=19821"},{"taxonomy":"product_cat","embeddable":true,"href":"https:\/\/dekohra.eu\/de\/wp-json\/wp\/v2\/product_cat?post=19821"},{"taxonomy":"product_tag","embeddable":true,"href":"https:\/\/dekohra.eu\/de\/wp-json\/wp\/v2\/product_tag?post=19821"}],"curies":[{"name":"wp","href":"https:\/\/api.w.org\/{rel}","templated":true}]}}