{"id":19827,"date":"2026-05-15T11:02:10","date_gmt":"2026-05-15T09:02:10","guid":{"rendered":"https:\/\/dekohra.eu\/?post_type=product&#038;p=19827"},"modified":"2026-05-15T11:05:28","modified_gmt":"2026-05-15T09:05:28","slug":"darek-pro-pani-ucitelku-na-pamatku","status":"publish","type":"product","link":"https:\/\/dekohra.eu\/de\/produkt\/darek-pro-pani-ucitelku-na-pamatku\/","title":{"rendered":"Ein Geschenk f\u00fcr einen Lehrer als Erinnerungsst\u00fcck"},"content":{"rendered":"<div class=\"flex flex-grow flex-col max-w-full\">\n<div class=\"min-h-[20px] text-message flex flex-col items-start whitespace-pre-wrap break-words [.text-message+&amp;]:mt-5 juice:w-full juice:items-end overflow-x-auto gap-2\" dir=\"auto\" data-message-author-role=\"assistant\" data-message-id=\"8ad4f04d-4099-4406-86f4-005018bc1eed\">\n<div class=\"flex w-full flex-col gap-1 juice:empty:hidden juice:first:pt-[3px]\">\n<div class=\"markdown prose w-full break-words dark:prose-invert light\">\n<div class=\"flex flex-grow flex-col max-w-full\">\n<div class=\"min-h-[20px] text-message flex flex-col items-start whitespace-pre-wrap break-words [.text-message+&amp;]:mt-5 juice:w-full juice:items-end overflow-x-auto gap-2\" dir=\"auto\" data-message-author-role=\"assistant\" data-message-id=\"8ad4f04d-4099-4406-86f4-005018bc1eed\">\n<div class=\"flex w-full flex-col gap-1 juice:empty:hidden juice:first:pt-[3px]\">\n<h1 data-start=\"0\" data-end=\"44\">Ein Geschenk f\u00fcr einen Lehrer als Erinnerungsst\u00fcck<\/h1>\n<p data-start=\"46\" data-end=\"308\">Ein Geschenk f\u00fcr Lehrer zum Schuljahresende: eine elegante, gravierte Plakette aus Naturholz als sch\u00f6ne Erinnerung und Dankesch\u00f6n an die Klassenlehrerin oder den Klassenlehrer. Das zarte Baummotiv mit Herzen symbolisiert Wachstum, Unterst\u00fctzung und die gemeinsam verbrachten Jahre. Ein ideales Geschenk zum Schuljahresende, zum Abschied von der Klasse oder zum Schulabschluss.<\/p>\n<\/div>\n<\/div>\n<\/div>\n<\/div>\n<\/div>\n<\/div>\n<\/div>\n<p data-start=\"310\" data-end=\"467\">\ud83d\udccf Gesch\u00e4tzte Gr\u00f6\u00dfe: 17 \u00d7 10 cm<br data-start=\"346\" data-end=\"349\" \/>\ud83c\udf3f Material: Naturholz<br data-start=\"376\" data-end=\"379\" \/>\u2728 Pr\u00e4zisions-Lasergravur<br data-start=\"410\" data-end=\"413\" \/>\ud83c\udf81 Ideal als originelles, pers\u00f6nliches Geschenk der ganzen Klasse<\/p>\n<p data-start=\"469\" data-end=\"518\" data-is-last-node=\"\" data-is-only-node=\"\">M\u00f6glichkeit zur Bearbeitung von Text, Klasse und Jahr auf Anfrage.<\/p>\n<h3>Parameter:<\/h3>\n<ul>\n<li><strong>Material: Pappelsperrholz<\/strong><\/li>\n<li><strong>Produktdicke:\u00a0<\/strong>3 mm<\/li>\n<li><strong>Hersteller:\u00a0<\/strong><a href=\"http:\/\/dekohra.de\/\" target=\"_blank\" rel=\"noopener\">Dekohra.eu<\/a><\/li>\n<li><strong>Kategorie:\u00a0<\/strong><a href=\"https:\/\/dekohra.eu\/de\/produkt-kategorie\/darky\/darky-pro-ucitele\/\">Geschenke f\u00fcr Lehrer<\/a><\/li>\n<li><strong>Technologie: <\/strong><a href=\"https:\/\/dekohra.eu\/de\/moderni-laserova-technologie-rezani-a-gravirovani\/\">Moderne Laserschneidtechnologie<\/a><\/li>\n<li><strong>Abmessungen:<\/strong> 17 \u00d7 10 cm<\/li>\n<\/ul>","protected":false},"excerpt":{"rendered":"<p>D\u00e1rek pro pan\u00ed u\u010ditelku na pam\u00e1tku D\u00e1rek pro pan\u00ed u\u010ditelku na konci roku elegantn\u00ed grav\u00edrovan\u00e1 plaketa z p\u0159\u00edrodn\u00edho d\u0159eva jako [&hellip;]<\/p>","protected":false},"featured_media":19828,"comment_status":"open","ping_status":"closed","template":"","meta":{"site-sidebar-layout":"default","site-content-layout":"","ast-site-content-layout":"default","site-content-style":"default","site-sidebar-style":"default","ast-global-header-display":"","ast-banner-title-visibility":"","ast-main-header-display":"","ast-hfb-above-header-display":"","ast-hfb-below-header-display":"","ast-hfb-mobile-header-display":"","site-post-title":"","ast-breadcrumbs-content":"","ast-featured-img":"","footer-sml-layout":"","theme-transparent-header-meta":"default","adv-header-id-meta":"","stick-header-meta":"","header-above-stick-meta":"","header-main-stick-meta":"","header-below-stick-meta":"","astra-migrate-meta-layouts":"set","ast-page-background-enabled":"default","ast-page-background-meta":{"desktop":{"background-color":"var(--ast-global-color-4)","background-image":"","background-repeat":"repeat","background-position":"center center","background-size":"auto","background-attachment":"scroll","background-type":"","background-media":"","overlay-type":"","overlay-color":"","overlay-opacity":"","overlay-gradient":""},"tablet":{"background-color":"","background-image":"","background-repeat":"repeat","background-position":"center center","background-size":"auto","background-attachment":"scroll","background-type":"","background-media":"","overlay-type":"","overlay-color":"","overlay-opacity":"","overlay-gradient":""},"mobile":{"background-color":"","background-image":"","background-repeat":"repeat","background-position":"center center","background-size":"auto","background-attachment":"scroll","background-type":"","background-media":"","overlay-type":"","overlay-color":"","overlay-opacity":"","overlay-gradient":""}},"ast-content-background-meta":{"desktop":{"background-color":"var(--ast-global-color-5)","background-image":"","background-repeat":"repeat","background-position":"center center","background-size":"auto","background-attachment":"scroll","background-type":"","background-media":"","overlay-type":"","overlay-color":"","overlay-opacity":"","overlay-gradient":""},"tablet":{"background-color":"var(--ast-global-color-5)","background-image":"","background-repeat":"repeat","background-position":"center center","background-size":"auto","background-attachment":"scroll","background-type":"","background-media":"","overlay-type":"","overlay-color":"","overlay-opacity":"","overlay-gradient":""},"mobile":{"background-color":"var(--ast-global-color-5)","background-image":"","background-repeat":"repeat","background-position":"center center","background-size":"auto","background-attachment":"scroll","background-type":"","background-media":"","overlay-type":"","overlay-color":"","overlay-opacity":"","overlay-gradient":""}},"jetpack_post_was_ever_published":false},"product_brand":[],"product_cat":[877],"product_tag":[],"class_list":{"0":"post-19827","1":"product","2":"type-product","3":"status-publish","4":"has-post-thumbnail","6":"product_cat-darky-pro-ucitele","7":"pa_rozmery-16x24-cm","8":"pa_rozmery-20x30-cm","9":"pa_rozmery-40x60-cm","10":"pa_rozmery-50x75-cm","11":"desktop-align-left","12":"tablet-align-left","13":"mobile-align-left","15":"first","16":"instock","17":"shipping-taxable","18":"purchasable","19":"product-type-simple"},"jetpack_sharing_enabled":true,"_links":{"self":[{"href":"https:\/\/dekohra.eu\/de\/wp-json\/wp\/v2\/product\/19827","targetHints":{"allow":["GET"]}}],"collection":[{"href":"https:\/\/dekohra.eu\/de\/wp-json\/wp\/v2\/product"}],"about":[{"href":"https:\/\/dekohra.eu\/de\/wp-json\/wp\/v2\/types\/product"}],"replies":[{"embeddable":true,"href":"https:\/\/dekohra.eu\/de\/wp-json\/wp\/v2\/comments?post=19827"}],"wp:featuredmedia":[{"embeddable":true,"href":"https:\/\/dekohra.eu\/de\/wp-json\/wp\/v2\/media\/19828"}],"wp:attachment":[{"href":"https:\/\/dekohra.eu\/de\/wp-json\/wp\/v2\/media?parent=19827"}],"wp:term":[{"taxonomy":"product_brand","embeddable":true,"href":"https:\/\/dekohra.eu\/de\/wp-json\/wp\/v2\/product_brand?post=19827"},{"taxonomy":"product_cat","embeddable":true,"href":"https:\/\/dekohra.eu\/de\/wp-json\/wp\/v2\/product_cat?post=19827"},{"taxonomy":"product_tag","embeddable":true,"href":"https:\/\/dekohra.eu\/de\/wp-json\/wp\/v2\/product_tag?post=19827"}],"curies":[{"name":"wp","href":"https:\/\/api.w.org\/{rel}","templated":true}]}}